{"id":978,"date":"2024-10-24T15:40:34","date_gmt":"2024-10-24T13:40:34","guid":{"rendered":"https:\/\/centroesteticazaragoza.com\/tienda\/?post_type=product&#038;p=978"},"modified":"2025-02-10T19:53:01","modified_gmt":"2025-02-10T18:53:01","slug":"tratamiento-despigmentante-dynamic-care","status":"publish","type":"product","link":"https:\/\/centroesteticazaragoza.com\/tienda\/producto\/tratamiento-despigmentante-dynamic-care\/","title":{"rendered":"Tratamiento Despigmentante &#8216;Dynamic Care&#8217;"},"content":{"rendered":"<p><strong>Dynamic Care<\/strong> es un tratamiento despigmentante avanzado que utiliza <strong>l\u00e1ser diodo fotodin\u00e1mico<\/strong> para tratar problemas de hiperpigmentaci\u00f3n, minimizar arrugas y corregir los da\u00f1os provocados por el sol. Perfecto para pieles grasas, ayuda a eliminar imperfecciones y a combatir el enrojecimiento y la irritaci\u00f3n de la piel. Consigue una piel m\u00e1s uniforme, luminosa y rejuvenecida con Dynamic Care.<\/p>\n","protected":false},"excerpt":{"rendered":"<p>Dynamic Care es un tratamiento despigmentante avanzado que utiliza l\u00e1ser diodo fotodin\u00e1mico para tratar problemas de hiperpigmentaci\u00f3n, minimizar arrugas y corregir los da\u00f1os provocados por el sol. Perfecto para pieles grasas, ayuda a eliminar imperfecciones y a combatir el enrojecimiento y la irritaci\u00f3n de la piel. Consigue una piel m\u00e1s uniforme, luminosa y rejuvenecida con [&hellip;]<\/p>\n","protected":false},"featured_media":979,"template":"","meta":[],"product_brand":[],"product_cat":[20,21],"product_tag":[],"class_list":{"0":"post-978","1":"product","2":"type-product","3":"status-publish","4":"has-post-thumbnail","6":"product_cat-tratamientos-de-estetica","7":"product_cat-tratamientos-faciales","9":"first","10":"instock","11":"taxable","12":"shipping-taxable","13":"purchasable","14":"product-type-simple"},"yoast_head":"<!-- This site is optimized with the Yoast SEO plugin v26.8 - https:\/\/yoast.com\/product\/yoast-seo-wordpress\/ -->\n<title>Tratamiento Despigmentante &#039;Dynamic Care&#039; - Tienda Ruise\u00f1ores<\/title>\n<meta name=\"description\" content=\"Dynamic Care con l\u00e1ser diodo trata hiperpigmentaci\u00f3n, arrugas y da\u00f1os del sol. Ideal para pieles grasas, reduce imperfecciones y enrojecimiento.\" \/>\n<meta name=\"robots\" content=\"index, follow, max-snippet:-1, max-image-preview:large, max-video-preview:-1\" \/>\n<link rel=\"canonical\" href=\"https:\/\/centroesteticazaragoza.com\/tienda\/producto\/tratamiento-despigmentante-dynamic-care\/\" \/>\n<meta property=\"og:locale\" content=\"es_ES\" \/>\n<meta property=\"og:type\" content=\"article\" \/>\n<meta property=\"og:title\" content=\"Tratamiento Despigmentante &#039;Dynamic Care&#039; - Tienda Ruise\u00f1ores\" \/>\n<meta property=\"og:description\" content=\"Dynamic Care con l\u00e1ser diodo trata hiperpigmentaci\u00f3n, arrugas y da\u00f1os del sol. Ideal para pieles grasas, reduce imperfecciones y enrojecimiento.\" \/>\n<meta property=\"og:url\" content=\"https:\/\/centroesteticazaragoza.com\/tienda\/producto\/tratamiento-despigmentante-dynamic-care\/\" \/>\n<meta property=\"og:site_name\" content=\"Tienda Ruise\u00f1ores\" \/>\n<meta property=\"article:modified_time\" content=\"2025-02-10T18:53:01+00:00\" \/>\n<meta property=\"og:image\" content=\"https:\/\/centroesteticazaragoza.com\/tienda\/wp-content\/uploads\/2024\/10\/448371781_985049103622403_7619179928010706702_n.jpg\" \/>\n\t<meta property=\"og:image:width\" content=\"1080\" \/>\n\t<meta property=\"og:image:height\" content=\"1350\" \/>\n\t<meta property=\"og:image:type\" content=\"image\/jpeg\" \/>\n<meta name=\"twitter:card\" content=\"summary_large_image\" \/>\n<meta name=\"twitter:label1\" content=\"Tiempo de lectura\" \/>\n\t<meta name=\"twitter:data1\" content=\"1 minuto\" \/>\n<script type=\"application\/ld+json\" class=\"yoast-schema-graph\">{\"@context\":\"https:\/\/schema.org\",\"@graph\":[{\"@type\":\"WebPage\",\"@id\":\"https:\/\/centroesteticazaragoza.com\/tienda\/producto\/tratamiento-despigmentante-dynamic-care\/\",\"url\":\"https:\/\/centroesteticazaragoza.com\/tienda\/producto\/tratamiento-despigmentante-dynamic-care\/\",\"name\":\"Tratamiento Despigmentante 'Dynamic Care' - Tienda Ruise\u00f1ores\",\"isPartOf\":{\"@id\":\"https:\/\/centroesteticazaragoza.com\/tienda\/#website\"},\"primaryImageOfPage\":{\"@id\":\"https:\/\/centroesteticazaragoza.com\/tienda\/producto\/tratamiento-despigmentante-dynamic-care\/#primaryimage\"},\"image\":{\"@id\":\"https:\/\/centroesteticazaragoza.com\/tienda\/producto\/tratamiento-despigmentante-dynamic-care\/#primaryimage\"},\"thumbnailUrl\":\"https:\/\/centroesteticazaragoza.com\/tienda\/wp-content\/uploads\/2024\/10\/448371781_985049103622403_7619179928010706702_n.jpg\",\"datePublished\":\"2024-10-24T13:40:34+00:00\",\"dateModified\":\"2025-02-10T18:53:01+00:00\",\"description\":\"Dynamic Care con l\u00e1ser diodo trata hiperpigmentaci\u00f3n, arrugas y da\u00f1os del sol. Ideal para pieles grasas, reduce imperfecciones y enrojecimiento.\",\"breadcrumb\":{\"@id\":\"https:\/\/centroesteticazaragoza.com\/tienda\/producto\/tratamiento-despigmentante-dynamic-care\/#breadcrumb\"},\"inLanguage\":\"es\",\"potentialAction\":[{\"@type\":\"ReadAction\",\"target\":[\"https:\/\/centroesteticazaragoza.com\/tienda\/producto\/tratamiento-despigmentante-dynamic-care\/\"]}]},{\"@type\":\"ImageObject\",\"inLanguage\":\"es\",\"@id\":\"https:\/\/centroesteticazaragoza.com\/tienda\/producto\/tratamiento-despigmentante-dynamic-care\/#primaryimage\",\"url\":\"https:\/\/centroesteticazaragoza.com\/tienda\/wp-content\/uploads\/2024\/10\/448371781_985049103622403_7619179928010706702_n.jpg\",\"contentUrl\":\"https:\/\/centroesteticazaragoza.com\/tienda\/wp-content\/uploads\/2024\/10\/448371781_985049103622403_7619179928010706702_n.jpg\",\"width\":1080,\"height\":1350,\"caption\":\"Dynamic Care con L\u00e1ser Diodo \u2013 Tratamiento Despigmentante\"},{\"@type\":\"BreadcrumbList\",\"@id\":\"https:\/\/centroesteticazaragoza.com\/tienda\/producto\/tratamiento-despigmentante-dynamic-care\/#breadcrumb\",\"itemListElement\":[{\"@type\":\"ListItem\",\"position\":1,\"name\":\"Portada\",\"item\":\"https:\/\/centroesteticazaragoza.com\/tienda\/\"},{\"@type\":\"ListItem\",\"position\":2,\"name\":\"Tienda\",\"item\":\"https:\/\/centroesteticazaragoza.com\/tienda\/tienda\/\"},{\"@type\":\"ListItem\",\"position\":3,\"name\":\"Tratamiento Despigmentante &#8216;Dynamic Care&#8217;\"}]},{\"@type\":\"WebSite\",\"@id\":\"https:\/\/centroesteticazaragoza.com\/tienda\/#website\",\"url\":\"https:\/\/centroesteticazaragoza.com\/tienda\/\",\"name\":\"Tienda Ruise\u00f1ores\",\"description\":\"Tratamientos para tu cuerpo, tu piel y tu rostro.\",\"publisher\":{\"@id\":\"https:\/\/centroesteticazaragoza.com\/tienda\/#organization\"},\"potentialAction\":[{\"@type\":\"SearchAction\",\"target\":{\"@type\":\"EntryPoint\",\"urlTemplate\":\"https:\/\/centroesteticazaragoza.com\/tienda\/?s={search_term_string}\"},\"query-input\":{\"@type\":\"PropertyValueSpecification\",\"valueRequired\":true,\"valueName\":\"search_term_string\"}}],\"inLanguage\":\"es\"},{\"@type\":\"Organization\",\"@id\":\"https:\/\/centroesteticazaragoza.com\/tienda\/#organization\",\"name\":\"Tienda Ruise\u00f1ores\",\"url\":\"https:\/\/centroesteticazaragoza.com\/tienda\/\",\"logo\":{\"@type\":\"ImageObject\",\"inLanguage\":\"es\",\"@id\":\"https:\/\/centroesteticazaragoza.com\/tienda\/#\/schema\/logo\/image\/\",\"url\":\"https:\/\/centroesteticazaragoza.com\/tienda\/wp-content\/uploads\/2023\/01\/logotipo-tienda-centro-medico-estetico-ruisenores-gris.png\",\"contentUrl\":\"https:\/\/centroesteticazaragoza.com\/tienda\/wp-content\/uploads\/2023\/01\/logotipo-tienda-centro-medico-estetico-ruisenores-gris.png\",\"width\":528,\"height\":166,\"caption\":\"Tienda Ruise\u00f1ores\"},\"image\":{\"@id\":\"https:\/\/centroesteticazaragoza.com\/tienda\/#\/schema\/logo\/image\/\"}}]}<\/script>\n<!-- \/ Yoast SEO plugin. -->","yoast_head_json":{"title":"Tratamiento Despigmentante 'Dynamic Care' - Tienda Ruise\u00f1ores","description":"Dynamic Care con l\u00e1ser diodo trata hiperpigmentaci\u00f3n, arrugas y da\u00f1os del sol. Ideal para pieles grasas, reduce imperfecciones y enrojecimiento.","robots":{"index":"index","follow":"follow","max-snippet":"max-snippet:-1","max-image-preview":"max-image-preview:large","max-video-preview":"max-video-preview:-1"},"canonical":"https:\/\/centroesteticazaragoza.com\/tienda\/producto\/tratamiento-despigmentante-dynamic-care\/","og_locale":"es_ES","og_type":"article","og_title":"Tratamiento Despigmentante 'Dynamic Care' - Tienda Ruise\u00f1ores","og_description":"Dynamic Care con l\u00e1ser diodo trata hiperpigmentaci\u00f3n, arrugas y da\u00f1os del sol. Ideal para pieles grasas, reduce imperfecciones y enrojecimiento.","og_url":"https:\/\/centroesteticazaragoza.com\/tienda\/producto\/tratamiento-despigmentante-dynamic-care\/","og_site_name":"Tienda Ruise\u00f1ores","article_modified_time":"2025-02-10T18:53:01+00:00","og_image":[{"width":1080,"height":1350,"url":"https:\/\/centroesteticazaragoza.com\/tienda\/wp-content\/uploads\/2024\/10\/448371781_985049103622403_7619179928010706702_n.jpg","type":"image\/jpeg"}],"twitter_card":"summary_large_image","twitter_misc":{"Tiempo de lectura":"1 minuto"},"schema":{"@context":"https:\/\/schema.org","@graph":[{"@type":"WebPage","@id":"https:\/\/centroesteticazaragoza.com\/tienda\/producto\/tratamiento-despigmentante-dynamic-care\/","url":"https:\/\/centroesteticazaragoza.com\/tienda\/producto\/tratamiento-despigmentante-dynamic-care\/","name":"Tratamiento Despigmentante 'Dynamic Care' - Tienda Ruise\u00f1ores","isPartOf":{"@id":"https:\/\/centroesteticazaragoza.com\/tienda\/#website"},"primaryImageOfPage":{"@id":"https:\/\/centroesteticazaragoza.com\/tienda\/producto\/tratamiento-despigmentante-dynamic-care\/#primaryimage"},"image":{"@id":"https:\/\/centroesteticazaragoza.com\/tienda\/producto\/tratamiento-despigmentante-dynamic-care\/#primaryimage"},"thumbnailUrl":"https:\/\/centroesteticazaragoza.com\/tienda\/wp-content\/uploads\/2024\/10\/448371781_985049103622403_7619179928010706702_n.jpg","datePublished":"2024-10-24T13:40:34+00:00","dateModified":"2025-02-10T18:53:01+00:00","description":"Dynamic Care con l\u00e1ser diodo trata hiperpigmentaci\u00f3n, arrugas y da\u00f1os del sol. Ideal para pieles grasas, reduce imperfecciones y enrojecimiento.","breadcrumb":{"@id":"https:\/\/centroesteticazaragoza.com\/tienda\/producto\/tratamiento-despigmentante-dynamic-care\/#breadcrumb"},"inLanguage":"es","potentialAction":[{"@type":"ReadAction","target":["https:\/\/centroesteticazaragoza.com\/tienda\/producto\/tratamiento-despigmentante-dynamic-care\/"]}]},{"@type":"ImageObject","inLanguage":"es","@id":"https:\/\/centroesteticazaragoza.com\/tienda\/producto\/tratamiento-despigmentante-dynamic-care\/#primaryimage","url":"https:\/\/centroesteticazaragoza.com\/tienda\/wp-content\/uploads\/2024\/10\/448371781_985049103622403_7619179928010706702_n.jpg","contentUrl":"https:\/\/centroesteticazaragoza.com\/tienda\/wp-content\/uploads\/2024\/10\/448371781_985049103622403_7619179928010706702_n.jpg","width":1080,"height":1350,"caption":"Dynamic Care con L\u00e1ser Diodo \u2013 Tratamiento Despigmentante"},{"@type":"BreadcrumbList","@id":"https:\/\/centroesteticazaragoza.com\/tienda\/producto\/tratamiento-despigmentante-dynamic-care\/#breadcrumb","itemListElement":[{"@type":"ListItem","position":1,"name":"Portada","item":"https:\/\/centroesteticazaragoza.com\/tienda\/"},{"@type":"ListItem","position":2,"name":"Tienda","item":"https:\/\/centroesteticazaragoza.com\/tienda\/tienda\/"},{"@type":"ListItem","position":3,"name":"Tratamiento Despigmentante &#8216;Dynamic Care&#8217;"}]},{"@type":"WebSite","@id":"https:\/\/centroesteticazaragoza.com\/tienda\/#website","url":"https:\/\/centroesteticazaragoza.com\/tienda\/","name":"Tienda Ruise\u00f1ores","description":"Tratamientos para tu cuerpo, tu piel y tu rostro.","publisher":{"@id":"https:\/\/centroesteticazaragoza.com\/tienda\/#organization"},"potentialAction":[{"@type":"SearchAction","target":{"@type":"EntryPoint","urlTemplate":"https:\/\/centroesteticazaragoza.com\/tienda\/?s={search_term_string}"},"query-input":{"@type":"PropertyValueSpecification","valueRequired":true,"valueName":"search_term_string"}}],"inLanguage":"es"},{"@type":"Organization","@id":"https:\/\/centroesteticazaragoza.com\/tienda\/#organization","name":"Tienda Ruise\u00f1ores","url":"https:\/\/centroesteticazaragoza.com\/tienda\/","logo":{"@type":"ImageObject","inLanguage":"es","@id":"https:\/\/centroesteticazaragoza.com\/tienda\/#\/schema\/logo\/image\/","url":"https:\/\/centroesteticazaragoza.com\/tienda\/wp-content\/uploads\/2023\/01\/logotipo-tienda-centro-medico-estetico-ruisenores-gris.png","contentUrl":"https:\/\/centroesteticazaragoza.com\/tienda\/wp-content\/uploads\/2023\/01\/logotipo-tienda-centro-medico-estetico-ruisenores-gris.png","width":528,"height":166,"caption":"Tienda Ruise\u00f1ores"},"image":{"@id":"https:\/\/centroesteticazaragoza.com\/tienda\/#\/schema\/logo\/image\/"}}]}},"_links":{"self":[{"href":"https:\/\/centroesteticazaragoza.com\/tienda\/wp-json\/wp\/v2\/product\/978","targetHints":{"allow":["GET"]}}],"collection":[{"href":"https:\/\/centroesteticazaragoza.com\/tienda\/wp-json\/wp\/v2\/product"}],"about":[{"href":"https:\/\/centroesteticazaragoza.com\/tienda\/wp-json\/wp\/v2\/types\/product"}],"wp:featuredmedia":[{"embeddable":true,"href":"https:\/\/centroesteticazaragoza.com\/tienda\/wp-json\/wp\/v2\/media\/979"}],"wp:attachment":[{"href":"https:\/\/centroesteticazaragoza.com\/tienda\/wp-json\/wp\/v2\/media?parent=978"}],"wp:term":[{"taxonomy":"product_brand","embeddable":true,"href":"https:\/\/centroesteticazaragoza.com\/tienda\/wp-json\/wp\/v2\/product_brand?post=978"},{"taxonomy":"product_cat","embeddable":true,"href":"https:\/\/centroesteticazaragoza.com\/tienda\/wp-json\/wp\/v2\/product_cat?post=978"},{"taxonomy":"product_tag","embeddable":true,"href":"https:\/\/centroesteticazaragoza.com\/tienda\/wp-json\/wp\/v2\/product_tag?post=978"}],"curies":[{"name":"wp","href":"https:\/\/api.w.org\/{rel}","templated":true}]}}