{"id":918,"date":"2024-09-02T17:35:35","date_gmt":"2024-09-02T15:35:35","guid":{"rendered":"https:\/\/centroesteticazaragoza.com\/tienda\/?post_type=product&#038;p=918"},"modified":"2025-02-14T14:26:16","modified_gmt":"2025-02-14T13:26:16","slug":"serum-renovador-ultra-forte-50ml","status":"publish","type":"product","link":"https:\/\/centroesteticazaragoza.com\/tienda\/producto\/serum-renovador-ultra-forte-50ml\/","title":{"rendered":"SER\u00daM RENOVADOR  FORTE 50ML."},"content":{"rendered":"<section class=\"elementor-section elementor-top-section elementor-element elementor-element-cbe05f7 elementor-section-boxed elementor-section-height-default elementor-section-height-default\" data-id=\"cbe05f7\" data-element_type=\"section\">\n<div class=\"elementor-container elementor-column-gap-default\">\n<div class=\"elementor-column elementor-col-100 elementor-top-column elementor-element elementor-element-31ad336\" data-id=\"31ad336\" data-element_type=\"column\">\n<div class=\"elementor-widget-wrap elementor-element-populated\">\n<div class=\"elementor-element elementor-element-d71ea3c tabs-producto elementor-widget elementor-widget-woocommerce-product-data-tabs\" data-id=\"d71ea3c\" data-element_type=\"widget\" data-widget_type=\"woocommerce-product-data-tabs.default\">\n<div class=\"elementor-widget-container\">\n<div class=\"woocommerce-tabs wc-tabs-wrapper\">\n<div id=\"tab-indicaciones\" class=\"woocommerce-Tabs-panel woocommerce-Tabs-panel--indicaciones panel entry-content wc-tab\" role=\"tabpanel\" aria-labelledby=\"tab-title-indicaciones\">\n<p>Fotoenvejecimiento, tono apagado e irregular, imperfecciones, l\u00edneas finas de expresi\u00f3n. Es normal un ligero escozor y descamaci\u00f3n en las primeras aplicaciones.<\/p>\n<\/div>\n<\/div>\n<\/div>\n<\/div>\n<\/div>\n<\/div>\n<\/div>\n<\/section>\n<section class=\"elementor-section elementor-top-section elementor-element elementor-element-6475364 elementor-section-boxed elementor-section-height-default elementor-section-height-default\" data-id=\"6475364\" data-element_type=\"section\">\n<div class=\"elementor-container elementor-column-gap-default\">\n<div class=\"elementor-column elementor-col-100 elementor-top-column elementor-element elementor-element-ea9367c\" data-id=\"ea9367c\" data-element_type=\"column\">\n<div class=\"elementor-widget-wrap elementor-element-populated\">\n<section class=\"elementor-section elementor-inner-section elementor-element elementor-element-8dd89ce elementor-section-boxed elementor-section-height-default elementor-section-height-default\" data-id=\"8dd89ce\" data-element_type=\"section\">\n<div class=\"elementor-container elementor-column-gap-default\">\n<div class=\"elementor-column elementor-col-100 elementor-inner-column elementor-element elementor-element-8cf9170\" data-id=\"8cf9170\" data-element_type=\"column\">\n<div class=\"elementor-widget-wrap elementor-element-populated\">\n<div class=\"elementor-element elementor-element-1977839 elementor-hidden-mobile elementor-widget elementor-widget-image\" data-id=\"1977839\" data-element_type=\"widget\" data-widget_type=\"image.default\">En caso de irritaci\u00f3n continuada, suspender la aplicaci\u00f3n.<\/div>\n<div data-id=\"1977839\" data-element_type=\"widget\" data-widget_type=\"image.default\">Para piel habituada al uso de retinoides.<\/div>\n<\/div>\n<\/div>\n<\/div>\n<\/section>\n<\/div>\n<\/div>\n<\/div>\n<\/section>\n","protected":false},"excerpt":{"rendered":"<p>Fotoenvejecimiento, tono apagado e irregular, imperfecciones, l\u00edneas finas de expresi\u00f3n. Es normal un ligero escozor y descamaci\u00f3n en las primeras aplicaciones. En caso de irritaci\u00f3n continuada, suspender la aplicaci\u00f3n. Para piel habituada al uso de retinoides.<\/p>\n","protected":false},"featured_media":919,"template":"","meta":[],"product_brand":[],"product_cat":[35,37],"product_tag":[],"class_list":{"0":"post-918","1":"product","2":"type-product","3":"status-publish","4":"has-post-thumbnail","6":"product_cat-cosmetica","7":"product_cat-productos","9":"first","10":"instock","11":"shipping-taxable","12":"purchasable","13":"product-type-simple"},"yoast_head":"<!-- This site is optimized with the Yoast SEO plugin v26.8 - https:\/\/yoast.com\/product\/yoast-seo-wordpress\/ -->\n<title>SER\u00daM RENOVADOR FORTE 50ML. - Tienda Ruise\u00f1ores<\/title>\n<meta name=\"robots\" content=\"index, follow, max-snippet:-1, max-image-preview:large, max-video-preview:-1\" \/>\n<link rel=\"canonical\" href=\"https:\/\/centroesteticazaragoza.com\/tienda\/producto\/serum-renovador-ultra-forte-50ml\/\" \/>\n<meta property=\"og:locale\" content=\"es_ES\" \/>\n<meta property=\"og:type\" content=\"article\" \/>\n<meta property=\"og:title\" content=\"SER\u00daM RENOVADOR FORTE 50ML. - Tienda Ruise\u00f1ores\" \/>\n<meta property=\"og:description\" content=\"Fotoenvejecimiento, tono apagado e irregular, imperfecciones, l\u00edneas finas de expresi\u00f3n. Es normal un ligero escozor y descamaci\u00f3n en las primeras aplicaciones. En caso de irritaci\u00f3n continuada, suspender la aplicaci\u00f3n. Para piel habituada al uso de retinoides.\" \/>\n<meta property=\"og:url\" content=\"https:\/\/centroesteticazaragoza.com\/tienda\/producto\/serum-renovador-ultra-forte-50ml\/\" \/>\n<meta property=\"og:site_name\" content=\"Tienda Ruise\u00f1ores\" \/>\n<meta property=\"article:modified_time\" content=\"2025-02-14T13:26:16+00:00\" \/>\n<meta property=\"og:image\" content=\"https:\/\/centroesteticazaragoza.com\/tienda\/wp-content\/uploads\/2024\/09\/allskinmed-antiaging-r-ultra-renewal-serum-01.png\" \/>\n\t<meta property=\"og:image:width\" content=\"876\" \/>\n\t<meta property=\"og:image:height\" content=\"1313\" \/>\n\t<meta property=\"og:image:type\" content=\"image\/png\" \/>\n<meta name=\"twitter:card\" content=\"summary_large_image\" \/>\n<meta name=\"twitter:label1\" content=\"Tiempo de lectura\" \/>\n\t<meta name=\"twitter:data1\" content=\"1 minuto\" \/>\n<script type=\"application\/ld+json\" class=\"yoast-schema-graph\">{\"@context\":\"https:\/\/schema.org\",\"@graph\":[{\"@type\":\"WebPage\",\"@id\":\"https:\/\/centroesteticazaragoza.com\/tienda\/producto\/serum-renovador-ultra-forte-50ml\/\",\"url\":\"https:\/\/centroesteticazaragoza.com\/tienda\/producto\/serum-renovador-ultra-forte-50ml\/\",\"name\":\"SER\u00daM RENOVADOR FORTE 50ML. - Tienda Ruise\u00f1ores\",\"isPartOf\":{\"@id\":\"https:\/\/centroesteticazaragoza.com\/tienda\/#website\"},\"primaryImageOfPage\":{\"@id\":\"https:\/\/centroesteticazaragoza.com\/tienda\/producto\/serum-renovador-ultra-forte-50ml\/#primaryimage\"},\"image\":{\"@id\":\"https:\/\/centroesteticazaragoza.com\/tienda\/producto\/serum-renovador-ultra-forte-50ml\/#primaryimage\"},\"thumbnailUrl\":\"https:\/\/centroesteticazaragoza.com\/tienda\/wp-content\/uploads\/2024\/09\/allskinmed-antiaging-r-ultra-renewal-serum-01.png\",\"datePublished\":\"2024-09-02T15:35:35+00:00\",\"dateModified\":\"2025-02-14T13:26:16+00:00\",\"breadcrumb\":{\"@id\":\"https:\/\/centroesteticazaragoza.com\/tienda\/producto\/serum-renovador-ultra-forte-50ml\/#breadcrumb\"},\"inLanguage\":\"es\",\"potentialAction\":[{\"@type\":\"ReadAction\",\"target\":[\"https:\/\/centroesteticazaragoza.com\/tienda\/producto\/serum-renovador-ultra-forte-50ml\/\"]}]},{\"@type\":\"ImageObject\",\"inLanguage\":\"es\",\"@id\":\"https:\/\/centroesteticazaragoza.com\/tienda\/producto\/serum-renovador-ultra-forte-50ml\/#primaryimage\",\"url\":\"https:\/\/centroesteticazaragoza.com\/tienda\/wp-content\/uploads\/2024\/09\/allskinmed-antiaging-r-ultra-renewal-serum-01.png\",\"contentUrl\":\"https:\/\/centroesteticazaragoza.com\/tienda\/wp-content\/uploads\/2024\/09\/allskinmed-antiaging-r-ultra-renewal-serum-01.png\",\"width\":876,\"height\":1313,\"caption\":\"SER\u00daM RENOVADOR ULTRA FORTE 50ML.\"},{\"@type\":\"BreadcrumbList\",\"@id\":\"https:\/\/centroesteticazaragoza.com\/tienda\/producto\/serum-renovador-ultra-forte-50ml\/#breadcrumb\",\"itemListElement\":[{\"@type\":\"ListItem\",\"position\":1,\"name\":\"Portada\",\"item\":\"https:\/\/centroesteticazaragoza.com\/tienda\/\"},{\"@type\":\"ListItem\",\"position\":2,\"name\":\"Tienda\",\"item\":\"https:\/\/centroesteticazaragoza.com\/tienda\/tienda\/\"},{\"@type\":\"ListItem\",\"position\":3,\"name\":\"SER\u00daM RENOVADOR FORTE 50ML.\"}]},{\"@type\":\"WebSite\",\"@id\":\"https:\/\/centroesteticazaragoza.com\/tienda\/#website\",\"url\":\"https:\/\/centroesteticazaragoza.com\/tienda\/\",\"name\":\"Tienda Ruise\u00f1ores\",\"description\":\"Tratamientos para tu cuerpo, tu piel y tu rostro.\",\"publisher\":{\"@id\":\"https:\/\/centroesteticazaragoza.com\/tienda\/#organization\"},\"potentialAction\":[{\"@type\":\"SearchAction\",\"target\":{\"@type\":\"EntryPoint\",\"urlTemplate\":\"https:\/\/centroesteticazaragoza.com\/tienda\/?s={search_term_string}\"},\"query-input\":{\"@type\":\"PropertyValueSpecification\",\"valueRequired\":true,\"valueName\":\"search_term_string\"}}],\"inLanguage\":\"es\"},{\"@type\":\"Organization\",\"@id\":\"https:\/\/centroesteticazaragoza.com\/tienda\/#organization\",\"name\":\"Tienda Ruise\u00f1ores\",\"url\":\"https:\/\/centroesteticazaragoza.com\/tienda\/\",\"logo\":{\"@type\":\"ImageObject\",\"inLanguage\":\"es\",\"@id\":\"https:\/\/centroesteticazaragoza.com\/tienda\/#\/schema\/logo\/image\/\",\"url\":\"https:\/\/centroesteticazaragoza.com\/tienda\/wp-content\/uploads\/2023\/01\/logotipo-tienda-centro-medico-estetico-ruisenores-gris.png\",\"contentUrl\":\"https:\/\/centroesteticazaragoza.com\/tienda\/wp-content\/uploads\/2023\/01\/logotipo-tienda-centro-medico-estetico-ruisenores-gris.png\",\"width\":528,\"height\":166,\"caption\":\"Tienda Ruise\u00f1ores\"},\"image\":{\"@id\":\"https:\/\/centroesteticazaragoza.com\/tienda\/#\/schema\/logo\/image\/\"}}]}<\/script>\n<!-- \/ Yoast SEO plugin. -->","yoast_head_json":{"title":"SER\u00daM RENOVADOR FORTE 50ML. - Tienda Ruise\u00f1ores","robots":{"index":"index","follow":"follow","max-snippet":"max-snippet:-1","max-image-preview":"max-image-preview:large","max-video-preview":"max-video-preview:-1"},"canonical":"https:\/\/centroesteticazaragoza.com\/tienda\/producto\/serum-renovador-ultra-forte-50ml\/","og_locale":"es_ES","og_type":"article","og_title":"SER\u00daM RENOVADOR FORTE 50ML. - Tienda Ruise\u00f1ores","og_description":"Fotoenvejecimiento, tono apagado e irregular, imperfecciones, l\u00edneas finas de expresi\u00f3n. Es normal un ligero escozor y descamaci\u00f3n en las primeras aplicaciones. En caso de irritaci\u00f3n continuada, suspender la aplicaci\u00f3n. Para piel habituada al uso de retinoides.","og_url":"https:\/\/centroesteticazaragoza.com\/tienda\/producto\/serum-renovador-ultra-forte-50ml\/","og_site_name":"Tienda Ruise\u00f1ores","article_modified_time":"2025-02-14T13:26:16+00:00","og_image":[{"width":876,"height":1313,"url":"https:\/\/centroesteticazaragoza.com\/tienda\/wp-content\/uploads\/2024\/09\/allskinmed-antiaging-r-ultra-renewal-serum-01.png","type":"image\/png"}],"twitter_card":"summary_large_image","twitter_misc":{"Tiempo de lectura":"1 minuto"},"schema":{"@context":"https:\/\/schema.org","@graph":[{"@type":"WebPage","@id":"https:\/\/centroesteticazaragoza.com\/tienda\/producto\/serum-renovador-ultra-forte-50ml\/","url":"https:\/\/centroesteticazaragoza.com\/tienda\/producto\/serum-renovador-ultra-forte-50ml\/","name":"SER\u00daM RENOVADOR FORTE 50ML. - Tienda Ruise\u00f1ores","isPartOf":{"@id":"https:\/\/centroesteticazaragoza.com\/tienda\/#website"},"primaryImageOfPage":{"@id":"https:\/\/centroesteticazaragoza.com\/tienda\/producto\/serum-renovador-ultra-forte-50ml\/#primaryimage"},"image":{"@id":"https:\/\/centroesteticazaragoza.com\/tienda\/producto\/serum-renovador-ultra-forte-50ml\/#primaryimage"},"thumbnailUrl":"https:\/\/centroesteticazaragoza.com\/tienda\/wp-content\/uploads\/2024\/09\/allskinmed-antiaging-r-ultra-renewal-serum-01.png","datePublished":"2024-09-02T15:35:35+00:00","dateModified":"2025-02-14T13:26:16+00:00","breadcrumb":{"@id":"https:\/\/centroesteticazaragoza.com\/tienda\/producto\/serum-renovador-ultra-forte-50ml\/#breadcrumb"},"inLanguage":"es","potentialAction":[{"@type":"ReadAction","target":["https:\/\/centroesteticazaragoza.com\/tienda\/producto\/serum-renovador-ultra-forte-50ml\/"]}]},{"@type":"ImageObject","inLanguage":"es","@id":"https:\/\/centroesteticazaragoza.com\/tienda\/producto\/serum-renovador-ultra-forte-50ml\/#primaryimage","url":"https:\/\/centroesteticazaragoza.com\/tienda\/wp-content\/uploads\/2024\/09\/allskinmed-antiaging-r-ultra-renewal-serum-01.png","contentUrl":"https:\/\/centroesteticazaragoza.com\/tienda\/wp-content\/uploads\/2024\/09\/allskinmed-antiaging-r-ultra-renewal-serum-01.png","width":876,"height":1313,"caption":"SER\u00daM RENOVADOR ULTRA FORTE 50ML."},{"@type":"BreadcrumbList","@id":"https:\/\/centroesteticazaragoza.com\/tienda\/producto\/serum-renovador-ultra-forte-50ml\/#breadcrumb","itemListElement":[{"@type":"ListItem","position":1,"name":"Portada","item":"https:\/\/centroesteticazaragoza.com\/tienda\/"},{"@type":"ListItem","position":2,"name":"Tienda","item":"https:\/\/centroesteticazaragoza.com\/tienda\/tienda\/"},{"@type":"ListItem","position":3,"name":"SER\u00daM RENOVADOR FORTE 50ML."}]},{"@type":"WebSite","@id":"https:\/\/centroesteticazaragoza.com\/tienda\/#website","url":"https:\/\/centroesteticazaragoza.com\/tienda\/","name":"Tienda Ruise\u00f1ores","description":"Tratamientos para tu cuerpo, tu piel y tu rostro.","publisher":{"@id":"https:\/\/centroesteticazaragoza.com\/tienda\/#organization"},"potentialAction":[{"@type":"SearchAction","target":{"@type":"EntryPoint","urlTemplate":"https:\/\/centroesteticazaragoza.com\/tienda\/?s={search_term_string}"},"query-input":{"@type":"PropertyValueSpecification","valueRequired":true,"valueName":"search_term_string"}}],"inLanguage":"es"},{"@type":"Organization","@id":"https:\/\/centroesteticazaragoza.com\/tienda\/#organization","name":"Tienda Ruise\u00f1ores","url":"https:\/\/centroesteticazaragoza.com\/tienda\/","logo":{"@type":"ImageObject","inLanguage":"es","@id":"https:\/\/centroesteticazaragoza.com\/tienda\/#\/schema\/logo\/image\/","url":"https:\/\/centroesteticazaragoza.com\/tienda\/wp-content\/uploads\/2023\/01\/logotipo-tienda-centro-medico-estetico-ruisenores-gris.png","contentUrl":"https:\/\/centroesteticazaragoza.com\/tienda\/wp-content\/uploads\/2023\/01\/logotipo-tienda-centro-medico-estetico-ruisenores-gris.png","width":528,"height":166,"caption":"Tienda Ruise\u00f1ores"},"image":{"@id":"https:\/\/centroesteticazaragoza.com\/tienda\/#\/schema\/logo\/image\/"}}]}},"_links":{"self":[{"href":"https:\/\/centroesteticazaragoza.com\/tienda\/wp-json\/wp\/v2\/product\/918","targetHints":{"allow":["GET"]}}],"collection":[{"href":"https:\/\/centroesteticazaragoza.com\/tienda\/wp-json\/wp\/v2\/product"}],"about":[{"href":"https:\/\/centroesteticazaragoza.com\/tienda\/wp-json\/wp\/v2\/types\/product"}],"wp:featuredmedia":[{"embeddable":true,"href":"https:\/\/centroesteticazaragoza.com\/tienda\/wp-json\/wp\/v2\/media\/919"}],"wp:attachment":[{"href":"https:\/\/centroesteticazaragoza.com\/tienda\/wp-json\/wp\/v2\/media?parent=918"}],"wp:term":[{"taxonomy":"product_brand","embeddable":true,"href":"https:\/\/centroesteticazaragoza.com\/tienda\/wp-json\/wp\/v2\/product_brand?post=918"},{"taxonomy":"product_cat","embeddable":true,"href":"https:\/\/centroesteticazaragoza.com\/tienda\/wp-json\/wp\/v2\/product_cat?post=918"},{"taxonomy":"product_tag","embeddable":true,"href":"https:\/\/centroesteticazaragoza.com\/tienda\/wp-json\/wp\/v2\/product_tag?post=918"}],"curies":[{"name":"wp","href":"https:\/\/api.w.org\/{rel}","templated":true}]}}