{"id":396,"date":"2023-02-14T16:33:52","date_gmt":"2023-02-14T16:33:52","guid":{"rendered":"https:\/\/centroesteticazaragoza.com\/tienda\/?post_type=product&#038;p=396"},"modified":"2025-06-11T15:55:54","modified_gmt":"2025-06-11T13:55:54","slug":"serum-esencial-all-skin-medic","status":"publish","type":"product","link":"https:\/\/centroesteticazaragoza.com\/tienda\/producto\/serum-esencial-all-skin-medic\/","title":{"rendered":"S\u00e9rum Renovador Esencial 50ml &#8211; All Skin Med"},"content":{"rendered":"<p>Serum renovador de potencia media formulado con retinoides vehiculizados de alta calidad que proporcionan una renovaci\u00f3n epid\u00e9rmica avanzada, reducen visiblemente la apariencia de l\u00edneas de expresi\u00f3n, unifican la textura de la piel y potencian su luminosidad.<br \/>\nEnriquecido con un pool exclusivo de antioxidantes y activos antipoluci\u00f3n que ayudan a contrarrestar los da\u00f1os debidos al estr\u00e9s ambiental.<\/p>\n<p>Uso de retinoides por primera vez o baja tolerancia a ellos ,(0,2%)<\/p>\n","protected":false},"excerpt":{"rendered":"<p>Serum renovador de potencia media formulado con retinoides vehiculizados de alta calidad que proporcionan una renovaci\u00f3n epid\u00e9rmica avanzada, reducen visiblemente la apariencia de l\u00edneas de expresi\u00f3n, unifican la textura de la piel y potencian su luminosidad. Enriquecido con un pool exclusivo de antioxidantes y activos antipoluci\u00f3n que ayudan a contrarrestar los da\u00f1os debidos al estr\u00e9s [&hellip;]<\/p>\n","protected":false},"featured_media":397,"template":"","meta":[],"product_brand":[44],"product_cat":[35],"product_tag":[],"class_list":{"0":"post-396","1":"product","2":"type-product","3":"status-publish","4":"has-post-thumbnail","6":"product_brand-all-skin-med","7":"product_cat-cosmetica","9":"first","10":"instock","11":"taxable","12":"shipping-taxable","13":"purchasable","14":"product-type-simple"},"yoast_head":"<!-- This site is optimized with the Yoast SEO plugin v26.8 - https:\/\/yoast.com\/product\/yoast-seo-wordpress\/ -->\n<title>Comprar S\u00e9rum Esencial All Skin Medic - Tienda Ruise\u00f1ores<\/title>\n<meta name=\"robots\" content=\"index, follow, max-snippet:-1, max-image-preview:large, max-video-preview:-1\" \/>\n<link rel=\"canonical\" href=\"https:\/\/centroesteticazaragoza.com\/tienda\/producto\/serum-esencial-all-skin-medic\/\" \/>\n<meta property=\"og:locale\" content=\"es_ES\" \/>\n<meta property=\"og:type\" content=\"article\" \/>\n<meta property=\"og:title\" content=\"Comprar S\u00e9rum Esencial All Skin Medic - Tienda Ruise\u00f1ores\" \/>\n<meta property=\"og:description\" content=\"Serum renovador de potencia media formulado con retinoides vehiculizados de alta calidad que proporcionan una renovaci\u00f3n epid\u00e9rmica avanzada, reducen visiblemente la apariencia de l\u00edneas de expresi\u00f3n, unifican la textura de la piel y potencian su luminosidad. Enriquecido con un pool exclusivo de antioxidantes y activos antipoluci\u00f3n que ayudan a contrarrestar los da\u00f1os debidos al estr\u00e9s [&hellip;]\" \/>\n<meta property=\"og:url\" content=\"https:\/\/centroesteticazaragoza.com\/tienda\/producto\/serum-esencial-all-skin-medic\/\" \/>\n<meta property=\"og:site_name\" content=\"Tienda Ruise\u00f1ores\" \/>\n<meta property=\"article:modified_time\" content=\"2025-06-11T13:55:54+00:00\" \/>\n<meta property=\"og:image\" content=\"https:\/\/centroesteticazaragoza.com\/tienda\/wp-content\/uploads\/2023\/02\/allskinmed-antiaging-r-essential-renewal-serum-04.png\" \/>\n\t<meta property=\"og:image:width\" content=\"876\" \/>\n\t<meta property=\"og:image:height\" content=\"1313\" \/>\n\t<meta property=\"og:image:type\" content=\"image\/png\" \/>\n<meta name=\"twitter:card\" content=\"summary_large_image\" \/>\n<meta name=\"twitter:label1\" content=\"Tiempo de lectura\" \/>\n\t<meta name=\"twitter:data1\" content=\"1 minuto\" \/>\n<script type=\"application\/ld+json\" class=\"yoast-schema-graph\">{\"@context\":\"https:\/\/schema.org\",\"@graph\":[{\"@type\":\"WebPage\",\"@id\":\"https:\/\/centroesteticazaragoza.com\/tienda\/producto\/serum-esencial-all-skin-medic\/\",\"url\":\"https:\/\/centroesteticazaragoza.com\/tienda\/producto\/serum-esencial-all-skin-medic\/\",\"name\":\"Comprar S\u00e9rum Esencial All Skin Medic - Tienda Ruise\u00f1ores\",\"isPartOf\":{\"@id\":\"https:\/\/centroesteticazaragoza.com\/tienda\/#website\"},\"primaryImageOfPage\":{\"@id\":\"https:\/\/centroesteticazaragoza.com\/tienda\/producto\/serum-esencial-all-skin-medic\/#primaryimage\"},\"image\":{\"@id\":\"https:\/\/centroesteticazaragoza.com\/tienda\/producto\/serum-esencial-all-skin-medic\/#primaryimage\"},\"thumbnailUrl\":\"https:\/\/centroesteticazaragoza.com\/tienda\/wp-content\/uploads\/2023\/02\/allskinmed-antiaging-r-essential-renewal-serum-04.png\",\"datePublished\":\"2023-02-14T16:33:52+00:00\",\"dateModified\":\"2025-06-11T13:55:54+00:00\",\"breadcrumb\":{\"@id\":\"https:\/\/centroesteticazaragoza.com\/tienda\/producto\/serum-esencial-all-skin-medic\/#breadcrumb\"},\"inLanguage\":\"es\",\"potentialAction\":[{\"@type\":\"ReadAction\",\"target\":[\"https:\/\/centroesteticazaragoza.com\/tienda\/producto\/serum-esencial-all-skin-medic\/\"]}]},{\"@type\":\"ImageObject\",\"inLanguage\":\"es\",\"@id\":\"https:\/\/centroesteticazaragoza.com\/tienda\/producto\/serum-esencial-all-skin-medic\/#primaryimage\",\"url\":\"https:\/\/centroesteticazaragoza.com\/tienda\/wp-content\/uploads\/2023\/02\/allskinmed-antiaging-r-essential-renewal-serum-04.png\",\"contentUrl\":\"https:\/\/centroesteticazaragoza.com\/tienda\/wp-content\/uploads\/2023\/02\/allskinmed-antiaging-r-essential-renewal-serum-04.png\",\"width\":876,\"height\":1313,\"caption\":\"S\u00e9rum esencial\"},{\"@type\":\"BreadcrumbList\",\"@id\":\"https:\/\/centroesteticazaragoza.com\/tienda\/producto\/serum-esencial-all-skin-medic\/#breadcrumb\",\"itemListElement\":[{\"@type\":\"ListItem\",\"position\":1,\"name\":\"Portada\",\"item\":\"https:\/\/centroesteticazaragoza.com\/tienda\/\"},{\"@type\":\"ListItem\",\"position\":2,\"name\":\"Tienda\",\"item\":\"https:\/\/centroesteticazaragoza.com\/tienda\/tienda\/\"},{\"@type\":\"ListItem\",\"position\":3,\"name\":\"S\u00e9rum Renovador Esencial 50ml &#8211; All Skin Med\"}]},{\"@type\":\"WebSite\",\"@id\":\"https:\/\/centroesteticazaragoza.com\/tienda\/#website\",\"url\":\"https:\/\/centroesteticazaragoza.com\/tienda\/\",\"name\":\"Tienda Ruise\u00f1ores\",\"description\":\"Tratamientos para tu cuerpo, tu piel y tu rostro.\",\"publisher\":{\"@id\":\"https:\/\/centroesteticazaragoza.com\/tienda\/#organization\"},\"potentialAction\":[{\"@type\":\"SearchAction\",\"target\":{\"@type\":\"EntryPoint\",\"urlTemplate\":\"https:\/\/centroesteticazaragoza.com\/tienda\/?s={search_term_string}\"},\"query-input\":{\"@type\":\"PropertyValueSpecification\",\"valueRequired\":true,\"valueName\":\"search_term_string\"}}],\"inLanguage\":\"es\"},{\"@type\":\"Organization\",\"@id\":\"https:\/\/centroesteticazaragoza.com\/tienda\/#organization\",\"name\":\"Tienda Ruise\u00f1ores\",\"url\":\"https:\/\/centroesteticazaragoza.com\/tienda\/\",\"logo\":{\"@type\":\"ImageObject\",\"inLanguage\":\"es\",\"@id\":\"https:\/\/centroesteticazaragoza.com\/tienda\/#\/schema\/logo\/image\/\",\"url\":\"https:\/\/centroesteticazaragoza.com\/tienda\/wp-content\/uploads\/2023\/01\/logotipo-tienda-centro-medico-estetico-ruisenores-gris.png\",\"contentUrl\":\"https:\/\/centroesteticazaragoza.com\/tienda\/wp-content\/uploads\/2023\/01\/logotipo-tienda-centro-medico-estetico-ruisenores-gris.png\",\"width\":528,\"height\":166,\"caption\":\"Tienda Ruise\u00f1ores\"},\"image\":{\"@id\":\"https:\/\/centroesteticazaragoza.com\/tienda\/#\/schema\/logo\/image\/\"}}]}<\/script>\n<!-- \/ Yoast SEO plugin. -->","yoast_head_json":{"title":"Comprar S\u00e9rum Esencial All Skin Medic - Tienda Ruise\u00f1ores","robots":{"index":"index","follow":"follow","max-snippet":"max-snippet:-1","max-image-preview":"max-image-preview:large","max-video-preview":"max-video-preview:-1"},"canonical":"https:\/\/centroesteticazaragoza.com\/tienda\/producto\/serum-esencial-all-skin-medic\/","og_locale":"es_ES","og_type":"article","og_title":"Comprar S\u00e9rum Esencial All Skin Medic - Tienda Ruise\u00f1ores","og_description":"Serum renovador de potencia media formulado con retinoides vehiculizados de alta calidad que proporcionan una renovaci\u00f3n epid\u00e9rmica avanzada, reducen visiblemente la apariencia de l\u00edneas de expresi\u00f3n, unifican la textura de la piel y potencian su luminosidad. Enriquecido con un pool exclusivo de antioxidantes y activos antipoluci\u00f3n que ayudan a contrarrestar los da\u00f1os debidos al estr\u00e9s [&hellip;]","og_url":"https:\/\/centroesteticazaragoza.com\/tienda\/producto\/serum-esencial-all-skin-medic\/","og_site_name":"Tienda Ruise\u00f1ores","article_modified_time":"2025-06-11T13:55:54+00:00","og_image":[{"width":876,"height":1313,"url":"https:\/\/centroesteticazaragoza.com\/tienda\/wp-content\/uploads\/2023\/02\/allskinmed-antiaging-r-essential-renewal-serum-04.png","type":"image\/png"}],"twitter_card":"summary_large_image","twitter_misc":{"Tiempo de lectura":"1 minuto"},"schema":{"@context":"https:\/\/schema.org","@graph":[{"@type":"WebPage","@id":"https:\/\/centroesteticazaragoza.com\/tienda\/producto\/serum-esencial-all-skin-medic\/","url":"https:\/\/centroesteticazaragoza.com\/tienda\/producto\/serum-esencial-all-skin-medic\/","name":"Comprar S\u00e9rum Esencial All Skin Medic - Tienda Ruise\u00f1ores","isPartOf":{"@id":"https:\/\/centroesteticazaragoza.com\/tienda\/#website"},"primaryImageOfPage":{"@id":"https:\/\/centroesteticazaragoza.com\/tienda\/producto\/serum-esencial-all-skin-medic\/#primaryimage"},"image":{"@id":"https:\/\/centroesteticazaragoza.com\/tienda\/producto\/serum-esencial-all-skin-medic\/#primaryimage"},"thumbnailUrl":"https:\/\/centroesteticazaragoza.com\/tienda\/wp-content\/uploads\/2023\/02\/allskinmed-antiaging-r-essential-renewal-serum-04.png","datePublished":"2023-02-14T16:33:52+00:00","dateModified":"2025-06-11T13:55:54+00:00","breadcrumb":{"@id":"https:\/\/centroesteticazaragoza.com\/tienda\/producto\/serum-esencial-all-skin-medic\/#breadcrumb"},"inLanguage":"es","potentialAction":[{"@type":"ReadAction","target":["https:\/\/centroesteticazaragoza.com\/tienda\/producto\/serum-esencial-all-skin-medic\/"]}]},{"@type":"ImageObject","inLanguage":"es","@id":"https:\/\/centroesteticazaragoza.com\/tienda\/producto\/serum-esencial-all-skin-medic\/#primaryimage","url":"https:\/\/centroesteticazaragoza.com\/tienda\/wp-content\/uploads\/2023\/02\/allskinmed-antiaging-r-essential-renewal-serum-04.png","contentUrl":"https:\/\/centroesteticazaragoza.com\/tienda\/wp-content\/uploads\/2023\/02\/allskinmed-antiaging-r-essential-renewal-serum-04.png","width":876,"height":1313,"caption":"S\u00e9rum esencial"},{"@type":"BreadcrumbList","@id":"https:\/\/centroesteticazaragoza.com\/tienda\/producto\/serum-esencial-all-skin-medic\/#breadcrumb","itemListElement":[{"@type":"ListItem","position":1,"name":"Portada","item":"https:\/\/centroesteticazaragoza.com\/tienda\/"},{"@type":"ListItem","position":2,"name":"Tienda","item":"https:\/\/centroesteticazaragoza.com\/tienda\/tienda\/"},{"@type":"ListItem","position":3,"name":"S\u00e9rum Renovador Esencial 50ml &#8211; All Skin Med"}]},{"@type":"WebSite","@id":"https:\/\/centroesteticazaragoza.com\/tienda\/#website","url":"https:\/\/centroesteticazaragoza.com\/tienda\/","name":"Tienda Ruise\u00f1ores","description":"Tratamientos para tu cuerpo, tu piel y tu rostro.","publisher":{"@id":"https:\/\/centroesteticazaragoza.com\/tienda\/#organization"},"potentialAction":[{"@type":"SearchAction","target":{"@type":"EntryPoint","urlTemplate":"https:\/\/centroesteticazaragoza.com\/tienda\/?s={search_term_string}"},"query-input":{"@type":"PropertyValueSpecification","valueRequired":true,"valueName":"search_term_string"}}],"inLanguage":"es"},{"@type":"Organization","@id":"https:\/\/centroesteticazaragoza.com\/tienda\/#organization","name":"Tienda Ruise\u00f1ores","url":"https:\/\/centroesteticazaragoza.com\/tienda\/","logo":{"@type":"ImageObject","inLanguage":"es","@id":"https:\/\/centroesteticazaragoza.com\/tienda\/#\/schema\/logo\/image\/","url":"https:\/\/centroesteticazaragoza.com\/tienda\/wp-content\/uploads\/2023\/01\/logotipo-tienda-centro-medico-estetico-ruisenores-gris.png","contentUrl":"https:\/\/centroesteticazaragoza.com\/tienda\/wp-content\/uploads\/2023\/01\/logotipo-tienda-centro-medico-estetico-ruisenores-gris.png","width":528,"height":166,"caption":"Tienda Ruise\u00f1ores"},"image":{"@id":"https:\/\/centroesteticazaragoza.com\/tienda\/#\/schema\/logo\/image\/"}}]}},"_links":{"self":[{"href":"https:\/\/centroesteticazaragoza.com\/tienda\/wp-json\/wp\/v2\/product\/396","targetHints":{"allow":["GET"]}}],"collection":[{"href":"https:\/\/centroesteticazaragoza.com\/tienda\/wp-json\/wp\/v2\/product"}],"about":[{"href":"https:\/\/centroesteticazaragoza.com\/tienda\/wp-json\/wp\/v2\/types\/product"}],"wp:featuredmedia":[{"embeddable":true,"href":"https:\/\/centroesteticazaragoza.com\/tienda\/wp-json\/wp\/v2\/media\/397"}],"wp:attachment":[{"href":"https:\/\/centroesteticazaragoza.com\/tienda\/wp-json\/wp\/v2\/media?parent=396"}],"wp:term":[{"taxonomy":"product_brand","embeddable":true,"href":"https:\/\/centroesteticazaragoza.com\/tienda\/wp-json\/wp\/v2\/product_brand?post=396"},{"taxonomy":"product_cat","embeddable":true,"href":"https:\/\/centroesteticazaragoza.com\/tienda\/wp-json\/wp\/v2\/product_cat?post=396"},{"taxonomy":"product_tag","embeddable":true,"href":"https:\/\/centroesteticazaragoza.com\/tienda\/wp-json\/wp\/v2\/product_tag?post=396"}],"curies":[{"name":"wp","href":"https:\/\/api.w.org\/{rel}","templated":true}]}}