{"id":3091,"date":"2026-05-04T12:39:31","date_gmt":"2026-05-04T10:39:31","guid":{"rendered":"https:\/\/centroesteticazaragoza.com\/tienda\/?post_type=product&#038;p=3091"},"modified":"2026-05-04T12:39:31","modified_gmt":"2026-05-04T10:39:31","slug":"recuperacion-deportiva-y-circulatorio-8-sesiones-presoterapia","status":"publish","type":"product","link":"https:\/\/centroesteticazaragoza.com\/tienda\/producto\/recuperacion-deportiva-y-circulatorio-8-sesiones-presoterapia\/","title":{"rendered":"Recuperaci\u00f3n deportiva y circulatorio (8 sesiones presoterapia)"},"content":{"rendered":"<p>8 sesiones de 40 minutos para mejorar la circulaci\u00f3n, reducir la fatiga muscular y favorecer la recuperaci\u00f3n.<\/p>\n","protected":false},"excerpt":{"rendered":"<p>8 sesiones de 40 minutos para mejorar la circulaci\u00f3n, reducir la fatiga muscular y favorecer la recuperaci\u00f3n.<\/p>\n","protected":false},"featured_media":2223,"template":"","meta":[],"product_brand":[],"product_cat":[30,22,20],"product_tag":[],"class_list":{"0":"post-3091","1":"product","2":"type-product","3":"status-publish","4":"has-post-thumbnail","6":"product_cat-promociones","7":"product_cat-tratamientos-corporales","8":"product_cat-tratamientos-de-estetica","10":"first","11":"instock","12":"virtual","13":"taxable","14":"purchasable","15":"product-type-simple"},"yoast_head":"<!-- This site is optimized with the Yoast SEO plugin v26.8 - https:\/\/yoast.com\/product\/yoast-seo-wordpress\/ -->\n<title>Recuperaci\u00f3n deportiva y circulatorio (8 sesiones presoterapia) - Tienda Ruise\u00f1ores<\/title>\n<meta name=\"robots\" content=\"index, follow, max-snippet:-1, max-image-preview:large, max-video-preview:-1\" \/>\n<link rel=\"canonical\" href=\"https:\/\/centroesteticazaragoza.com\/tienda\/producto\/recuperacion-deportiva-y-circulatorio-8-sesiones-presoterapia\/\" \/>\n<meta property=\"og:locale\" content=\"es_ES\" \/>\n<meta property=\"og:type\" content=\"article\" \/>\n<meta property=\"og:title\" content=\"Recuperaci\u00f3n deportiva y circulatorio (8 sesiones presoterapia) - Tienda Ruise\u00f1ores\" \/>\n<meta property=\"og:description\" content=\"8 sesiones de 40 minutos para mejorar la circulaci\u00f3n, reducir la fatiga muscular y favorecer la recuperaci\u00f3n.\" \/>\n<meta property=\"og:url\" content=\"https:\/\/centroesteticazaragoza.com\/tienda\/producto\/recuperacion-deportiva-y-circulatorio-8-sesiones-presoterapia\/\" \/>\n<meta property=\"og:site_name\" content=\"Tienda Ruise\u00f1ores\" \/>\n<meta property=\"og:image\" content=\"https:\/\/centroesteticazaragoza.com\/tienda\/wp-content\/uploads\/2025\/12\/presoterapia.jpg\" \/>\n\t<meta property=\"og:image:width\" content=\"1080\" \/>\n\t<meta property=\"og:image:height\" content=\"1080\" \/>\n\t<meta property=\"og:image:type\" content=\"image\/jpeg\" \/>\n<meta name=\"twitter:card\" content=\"summary_large_image\" \/>\n<meta name=\"twitter:label1\" content=\"Tiempo de lectura\" \/>\n\t<meta name=\"twitter:data1\" content=\"1 minuto\" \/>\n<script type=\"application\/ld+json\" class=\"yoast-schema-graph\">{\"@context\":\"https:\/\/schema.org\",\"@graph\":[{\"@type\":\"WebPage\",\"@id\":\"https:\/\/centroesteticazaragoza.com\/tienda\/producto\/recuperacion-deportiva-y-circulatorio-8-sesiones-presoterapia\/\",\"url\":\"https:\/\/centroesteticazaragoza.com\/tienda\/producto\/recuperacion-deportiva-y-circulatorio-8-sesiones-presoterapia\/\",\"name\":\"Recuperaci\u00f3n deportiva y circulatorio (8 sesiones presoterapia) - Tienda Ruise\u00f1ores\",\"isPartOf\":{\"@id\":\"https:\/\/centroesteticazaragoza.com\/tienda\/#website\"},\"primaryImageOfPage\":{\"@id\":\"https:\/\/centroesteticazaragoza.com\/tienda\/producto\/recuperacion-deportiva-y-circulatorio-8-sesiones-presoterapia\/#primaryimage\"},\"image\":{\"@id\":\"https:\/\/centroesteticazaragoza.com\/tienda\/producto\/recuperacion-deportiva-y-circulatorio-8-sesiones-presoterapia\/#primaryimage\"},\"thumbnailUrl\":\"https:\/\/centroesteticazaragoza.com\/tienda\/wp-content\/uploads\/2025\/12\/presoterapia.jpg\",\"datePublished\":\"2026-05-04T10:39:31+00:00\",\"breadcrumb\":{\"@id\":\"https:\/\/centroesteticazaragoza.com\/tienda\/producto\/recuperacion-deportiva-y-circulatorio-8-sesiones-presoterapia\/#breadcrumb\"},\"inLanguage\":\"es\",\"potentialAction\":[{\"@type\":\"ReadAction\",\"target\":[\"https:\/\/centroesteticazaragoza.com\/tienda\/producto\/recuperacion-deportiva-y-circulatorio-8-sesiones-presoterapia\/\"]}]},{\"@type\":\"ImageObject\",\"inLanguage\":\"es\",\"@id\":\"https:\/\/centroesteticazaragoza.com\/tienda\/producto\/recuperacion-deportiva-y-circulatorio-8-sesiones-presoterapia\/#primaryimage\",\"url\":\"https:\/\/centroesteticazaragoza.com\/tienda\/wp-content\/uploads\/2025\/12\/presoterapia.jpg\",\"contentUrl\":\"https:\/\/centroesteticazaragoza.com\/tienda\/wp-content\/uploads\/2025\/12\/presoterapia.jpg\",\"width\":1080,\"height\":1080},{\"@type\":\"BreadcrumbList\",\"@id\":\"https:\/\/centroesteticazaragoza.com\/tienda\/producto\/recuperacion-deportiva-y-circulatorio-8-sesiones-presoterapia\/#breadcrumb\",\"itemListElement\":[{\"@type\":\"ListItem\",\"position\":1,\"name\":\"Portada\",\"item\":\"https:\/\/centroesteticazaragoza.com\/tienda\/\"},{\"@type\":\"ListItem\",\"position\":2,\"name\":\"Tienda\",\"item\":\"https:\/\/centroesteticazaragoza.com\/tienda\/tienda\/\"},{\"@type\":\"ListItem\",\"position\":3,\"name\":\"Recuperaci\u00f3n deportiva y circulatorio (8 sesiones presoterapia)\"}]},{\"@type\":\"WebSite\",\"@id\":\"https:\/\/centroesteticazaragoza.com\/tienda\/#website\",\"url\":\"https:\/\/centroesteticazaragoza.com\/tienda\/\",\"name\":\"Tienda Ruise\u00f1ores\",\"description\":\"Tratamientos para tu cuerpo, tu piel y tu rostro.\",\"publisher\":{\"@id\":\"https:\/\/centroesteticazaragoza.com\/tienda\/#organization\"},\"potentialAction\":[{\"@type\":\"SearchAction\",\"target\":{\"@type\":\"EntryPoint\",\"urlTemplate\":\"https:\/\/centroesteticazaragoza.com\/tienda\/?s={search_term_string}\"},\"query-input\":{\"@type\":\"PropertyValueSpecification\",\"valueRequired\":true,\"valueName\":\"search_term_string\"}}],\"inLanguage\":\"es\"},{\"@type\":\"Organization\",\"@id\":\"https:\/\/centroesteticazaragoza.com\/tienda\/#organization\",\"name\":\"Tienda Ruise\u00f1ores\",\"url\":\"https:\/\/centroesteticazaragoza.com\/tienda\/\",\"logo\":{\"@type\":\"ImageObject\",\"inLanguage\":\"es\",\"@id\":\"https:\/\/centroesteticazaragoza.com\/tienda\/#\/schema\/logo\/image\/\",\"url\":\"https:\/\/centroesteticazaragoza.com\/tienda\/wp-content\/uploads\/2023\/01\/logotipo-tienda-centro-medico-estetico-ruisenores-gris.png\",\"contentUrl\":\"https:\/\/centroesteticazaragoza.com\/tienda\/wp-content\/uploads\/2023\/01\/logotipo-tienda-centro-medico-estetico-ruisenores-gris.png\",\"width\":528,\"height\":166,\"caption\":\"Tienda Ruise\u00f1ores\"},\"image\":{\"@id\":\"https:\/\/centroesteticazaragoza.com\/tienda\/#\/schema\/logo\/image\/\"}}]}<\/script>\n<!-- \/ Yoast SEO plugin. -->","yoast_head_json":{"title":"Recuperaci\u00f3n deportiva y circulatorio (8 sesiones presoterapia) - Tienda Ruise\u00f1ores","robots":{"index":"index","follow":"follow","max-snippet":"max-snippet:-1","max-image-preview":"max-image-preview:large","max-video-preview":"max-video-preview:-1"},"canonical":"https:\/\/centroesteticazaragoza.com\/tienda\/producto\/recuperacion-deportiva-y-circulatorio-8-sesiones-presoterapia\/","og_locale":"es_ES","og_type":"article","og_title":"Recuperaci\u00f3n deportiva y circulatorio (8 sesiones presoterapia) - Tienda Ruise\u00f1ores","og_description":"8 sesiones de 40 minutos para mejorar la circulaci\u00f3n, reducir la fatiga muscular y favorecer la recuperaci\u00f3n.","og_url":"https:\/\/centroesteticazaragoza.com\/tienda\/producto\/recuperacion-deportiva-y-circulatorio-8-sesiones-presoterapia\/","og_site_name":"Tienda Ruise\u00f1ores","og_image":[{"width":1080,"height":1080,"url":"https:\/\/centroesteticazaragoza.com\/tienda\/wp-content\/uploads\/2025\/12\/presoterapia.jpg","type":"image\/jpeg"}],"twitter_card":"summary_large_image","twitter_misc":{"Tiempo de lectura":"1 minuto"},"schema":{"@context":"https:\/\/schema.org","@graph":[{"@type":"WebPage","@id":"https:\/\/centroesteticazaragoza.com\/tienda\/producto\/recuperacion-deportiva-y-circulatorio-8-sesiones-presoterapia\/","url":"https:\/\/centroesteticazaragoza.com\/tienda\/producto\/recuperacion-deportiva-y-circulatorio-8-sesiones-presoterapia\/","name":"Recuperaci\u00f3n deportiva y circulatorio (8 sesiones presoterapia) - Tienda Ruise\u00f1ores","isPartOf":{"@id":"https:\/\/centroesteticazaragoza.com\/tienda\/#website"},"primaryImageOfPage":{"@id":"https:\/\/centroesteticazaragoza.com\/tienda\/producto\/recuperacion-deportiva-y-circulatorio-8-sesiones-presoterapia\/#primaryimage"},"image":{"@id":"https:\/\/centroesteticazaragoza.com\/tienda\/producto\/recuperacion-deportiva-y-circulatorio-8-sesiones-presoterapia\/#primaryimage"},"thumbnailUrl":"https:\/\/centroesteticazaragoza.com\/tienda\/wp-content\/uploads\/2025\/12\/presoterapia.jpg","datePublished":"2026-05-04T10:39:31+00:00","breadcrumb":{"@id":"https:\/\/centroesteticazaragoza.com\/tienda\/producto\/recuperacion-deportiva-y-circulatorio-8-sesiones-presoterapia\/#breadcrumb"},"inLanguage":"es","potentialAction":[{"@type":"ReadAction","target":["https:\/\/centroesteticazaragoza.com\/tienda\/producto\/recuperacion-deportiva-y-circulatorio-8-sesiones-presoterapia\/"]}]},{"@type":"ImageObject","inLanguage":"es","@id":"https:\/\/centroesteticazaragoza.com\/tienda\/producto\/recuperacion-deportiva-y-circulatorio-8-sesiones-presoterapia\/#primaryimage","url":"https:\/\/centroesteticazaragoza.com\/tienda\/wp-content\/uploads\/2025\/12\/presoterapia.jpg","contentUrl":"https:\/\/centroesteticazaragoza.com\/tienda\/wp-content\/uploads\/2025\/12\/presoterapia.jpg","width":1080,"height":1080},{"@type":"BreadcrumbList","@id":"https:\/\/centroesteticazaragoza.com\/tienda\/producto\/recuperacion-deportiva-y-circulatorio-8-sesiones-presoterapia\/#breadcrumb","itemListElement":[{"@type":"ListItem","position":1,"name":"Portada","item":"https:\/\/centroesteticazaragoza.com\/tienda\/"},{"@type":"ListItem","position":2,"name":"Tienda","item":"https:\/\/centroesteticazaragoza.com\/tienda\/tienda\/"},{"@type":"ListItem","position":3,"name":"Recuperaci\u00f3n deportiva y circulatorio (8 sesiones presoterapia)"}]},{"@type":"WebSite","@id":"https:\/\/centroesteticazaragoza.com\/tienda\/#website","url":"https:\/\/centroesteticazaragoza.com\/tienda\/","name":"Tienda Ruise\u00f1ores","description":"Tratamientos para tu cuerpo, tu piel y tu rostro.","publisher":{"@id":"https:\/\/centroesteticazaragoza.com\/tienda\/#organization"},"potentialAction":[{"@type":"SearchAction","target":{"@type":"EntryPoint","urlTemplate":"https:\/\/centroesteticazaragoza.com\/tienda\/?s={search_term_string}"},"query-input":{"@type":"PropertyValueSpecification","valueRequired":true,"valueName":"search_term_string"}}],"inLanguage":"es"},{"@type":"Organization","@id":"https:\/\/centroesteticazaragoza.com\/tienda\/#organization","name":"Tienda Ruise\u00f1ores","url":"https:\/\/centroesteticazaragoza.com\/tienda\/","logo":{"@type":"ImageObject","inLanguage":"es","@id":"https:\/\/centroesteticazaragoza.com\/tienda\/#\/schema\/logo\/image\/","url":"https:\/\/centroesteticazaragoza.com\/tienda\/wp-content\/uploads\/2023\/01\/logotipo-tienda-centro-medico-estetico-ruisenores-gris.png","contentUrl":"https:\/\/centroesteticazaragoza.com\/tienda\/wp-content\/uploads\/2023\/01\/logotipo-tienda-centro-medico-estetico-ruisenores-gris.png","width":528,"height":166,"caption":"Tienda Ruise\u00f1ores"},"image":{"@id":"https:\/\/centroesteticazaragoza.com\/tienda\/#\/schema\/logo\/image\/"}}]}},"_links":{"self":[{"href":"https:\/\/centroesteticazaragoza.com\/tienda\/wp-json\/wp\/v2\/product\/3091","targetHints":{"allow":["GET"]}}],"collection":[{"href":"https:\/\/centroesteticazaragoza.com\/tienda\/wp-json\/wp\/v2\/product"}],"about":[{"href":"https:\/\/centroesteticazaragoza.com\/tienda\/wp-json\/wp\/v2\/types\/product"}],"wp:featuredmedia":[{"embeddable":true,"href":"https:\/\/centroesteticazaragoza.com\/tienda\/wp-json\/wp\/v2\/media\/2223"}],"wp:attachment":[{"href":"https:\/\/centroesteticazaragoza.com\/tienda\/wp-json\/wp\/v2\/media?parent=3091"}],"wp:term":[{"taxonomy":"product_brand","embeddable":true,"href":"https:\/\/centroesteticazaragoza.com\/tienda\/wp-json\/wp\/v2\/product_brand?post=3091"},{"taxonomy":"product_cat","embeddable":true,"href":"https:\/\/centroesteticazaragoza.com\/tienda\/wp-json\/wp\/v2\/product_cat?post=3091"},{"taxonomy":"product_tag","embeddable":true,"href":"https:\/\/centroesteticazaragoza.com\/tienda\/wp-json\/wp\/v2\/product_tag?post=3091"}],"curies":[{"name":"wp","href":"https:\/\/api.w.org\/{rel}","templated":true}]}}