{"id":1701,"date":"2025-09-29T12:08:27","date_gmt":"2025-09-29T10:08:27","guid":{"rendered":"https:\/\/centroesteticazaragoza.com\/tienda\/?post_type=product&#038;p=1701"},"modified":"2025-09-29T12:08:28","modified_gmt":"2025-09-29T10:08:28","slug":"pack-nutricion-completo","status":"publish","type":"product","link":"https:\/\/centroesteticazaragoza.com\/tienda\/producto\/pack-nutricion-completo\/","title":{"rendered":"Pack Nutrici\u00f3n (1 consulta + 3 seguimientos)"},"content":{"rendered":"<p data-start=\"2882\" data-end=\"3066\">Aprovecha este <strong>completo Pack<\/strong> de <a href=\"https:\/\/centroesteticazaragoza.com\/nutricionista-zaragoza\/\">Nutrici\u00f3n en Zaragoza<\/a>:\u00a0incluye <strong data-start=\"2956\" data-end=\"2980\">una primera consulta<\/strong> y <strong data-start=\"2983\" data-end=\"3015\">tres sesiones de seguimiento<\/strong> para un acompa\u00f1amiento continuo y personalizado. Con este plan podr\u00e1s realizar una evaluaci\u00f3n inicial detallada, recibir tu plan nutricional y asegurar un seguimiento progresivo, con ajustes y motivaci\u00f3n en cada etapa. Ideal para quienes buscan un <strong data-start=\"3269\" data-end=\"3300\">proceso guiado y sostenible<\/strong>, con apoyo profesional durante varias semanas.<\/p>\n","protected":false},"excerpt":{"rendered":"<p>Incluye 1 consulta inicial y 3 sesiones de seguimiento. Ahorra y disfruta de un acompa\u00f1amiento completo.<\/p>\n","protected":false},"featured_media":1702,"template":"","meta":[],"product_brand":[],"product_cat":[20,48],"product_tag":[],"class_list":{"0":"post-1701","1":"product","2":"type-product","3":"status-publish","4":"has-post-thumbnail","6":"product_cat-tratamientos-de-estetica","7":"product_cat-tratamientos-nutricion","9":"first","10":"instock","11":"virtual","12":"taxable","13":"purchasable","14":"product-type-simple"},"yoast_head":"<!-- This site is optimized with the Yoast SEO plugin v26.8 - https:\/\/yoast.com\/product\/yoast-seo-wordpress\/ -->\n<title>Pack Nutrici\u00f3n (1 consulta + 3 seguimientos) - Tienda Ruise\u00f1ores<\/title>\n<meta name=\"description\" content=\"Aprovecha este Pack Nutrici\u00f3n completo que incluye una primera consulta y tres sesiones de seguimiento para un acompa\u00f1amiento continuo y personalizado.\" \/>\n<meta name=\"robots\" content=\"index, follow, max-snippet:-1, max-image-preview:large, max-video-preview:-1\" \/>\n<link rel=\"canonical\" href=\"https:\/\/centroesteticazaragoza.com\/tienda\/producto\/pack-nutricion-completo\/\" \/>\n<meta property=\"og:locale\" content=\"es_ES\" \/>\n<meta property=\"og:type\" content=\"article\" \/>\n<meta property=\"og:title\" content=\"Pack Nutrici\u00f3n (1 consulta + 3 seguimientos) - Tienda Ruise\u00f1ores\" \/>\n<meta property=\"og:description\" content=\"Aprovecha este Pack Nutrici\u00f3n completo que incluye una primera consulta y tres sesiones de seguimiento para un acompa\u00f1amiento continuo y personalizado.\" \/>\n<meta property=\"og:url\" content=\"https:\/\/centroesteticazaragoza.com\/tienda\/producto\/pack-nutricion-completo\/\" \/>\n<meta property=\"og:site_name\" content=\"Tienda Ruise\u00f1ores\" \/>\n<meta property=\"article:modified_time\" content=\"2025-09-29T10:08:28+00:00\" \/>\n<meta property=\"og:image\" content=\"https:\/\/centroesteticazaragoza.com\/tienda\/wp-content\/uploads\/2025\/09\/nutricion-pack-zaragoza.jpg\" \/>\n\t<meta property=\"og:image:width\" content=\"797\" \/>\n\t<meta property=\"og:image:height\" content=\"800\" \/>\n\t<meta property=\"og:image:type\" content=\"image\/jpeg\" \/>\n<meta name=\"twitter:card\" content=\"summary_large_image\" \/>\n<meta name=\"twitter:label1\" content=\"Tiempo de lectura\" \/>\n\t<meta name=\"twitter:data1\" content=\"1 minuto\" \/>\n<script type=\"application\/ld+json\" class=\"yoast-schema-graph\">{\"@context\":\"https:\/\/schema.org\",\"@graph\":[{\"@type\":\"WebPage\",\"@id\":\"https:\/\/centroesteticazaragoza.com\/tienda\/producto\/pack-nutricion-completo\/\",\"url\":\"https:\/\/centroesteticazaragoza.com\/tienda\/producto\/pack-nutricion-completo\/\",\"name\":\"Pack Nutrici\u00f3n (1 consulta + 3 seguimientos) - Tienda Ruise\u00f1ores\",\"isPartOf\":{\"@id\":\"https:\/\/centroesteticazaragoza.com\/tienda\/#website\"},\"primaryImageOfPage\":{\"@id\":\"https:\/\/centroesteticazaragoza.com\/tienda\/producto\/pack-nutricion-completo\/#primaryimage\"},\"image\":{\"@id\":\"https:\/\/centroesteticazaragoza.com\/tienda\/producto\/pack-nutricion-completo\/#primaryimage\"},\"thumbnailUrl\":\"https:\/\/centroesteticazaragoza.com\/tienda\/wp-content\/uploads\/2025\/09\/nutricion-pack-zaragoza.jpg\",\"datePublished\":\"2025-09-29T10:08:27+00:00\",\"dateModified\":\"2025-09-29T10:08:28+00:00\",\"description\":\"Aprovecha este Pack Nutrici\u00f3n completo que incluye una primera consulta y tres sesiones de seguimiento para un acompa\u00f1amiento continuo y personalizado.\",\"breadcrumb\":{\"@id\":\"https:\/\/centroesteticazaragoza.com\/tienda\/producto\/pack-nutricion-completo\/#breadcrumb\"},\"inLanguage\":\"es\",\"potentialAction\":[{\"@type\":\"ReadAction\",\"target\":[\"https:\/\/centroesteticazaragoza.com\/tienda\/producto\/pack-nutricion-completo\/\"]}]},{\"@type\":\"ImageObject\",\"inLanguage\":\"es\",\"@id\":\"https:\/\/centroesteticazaragoza.com\/tienda\/producto\/pack-nutricion-completo\/#primaryimage\",\"url\":\"https:\/\/centroesteticazaragoza.com\/tienda\/wp-content\/uploads\/2025\/09\/nutricion-pack-zaragoza.jpg\",\"contentUrl\":\"https:\/\/centroesteticazaragoza.com\/tienda\/wp-content\/uploads\/2025\/09\/nutricion-pack-zaragoza.jpg\",\"width\":797,\"height\":800},{\"@type\":\"BreadcrumbList\",\"@id\":\"https:\/\/centroesteticazaragoza.com\/tienda\/producto\/pack-nutricion-completo\/#breadcrumb\",\"itemListElement\":[{\"@type\":\"ListItem\",\"position\":1,\"name\":\"Portada\",\"item\":\"https:\/\/centroesteticazaragoza.com\/tienda\/\"},{\"@type\":\"ListItem\",\"position\":2,\"name\":\"Tienda\",\"item\":\"https:\/\/centroesteticazaragoza.com\/tienda\/tienda\/\"},{\"@type\":\"ListItem\",\"position\":3,\"name\":\"Pack Nutrici\u00f3n (1 consulta + 3 seguimientos)\"}]},{\"@type\":\"WebSite\",\"@id\":\"https:\/\/centroesteticazaragoza.com\/tienda\/#website\",\"url\":\"https:\/\/centroesteticazaragoza.com\/tienda\/\",\"name\":\"Tienda Ruise\u00f1ores\",\"description\":\"Tratamientos para tu cuerpo, tu piel y tu rostro.\",\"publisher\":{\"@id\":\"https:\/\/centroesteticazaragoza.com\/tienda\/#organization\"},\"potentialAction\":[{\"@type\":\"SearchAction\",\"target\":{\"@type\":\"EntryPoint\",\"urlTemplate\":\"https:\/\/centroesteticazaragoza.com\/tienda\/?s={search_term_string}\"},\"query-input\":{\"@type\":\"PropertyValueSpecification\",\"valueRequired\":true,\"valueName\":\"search_term_string\"}}],\"inLanguage\":\"es\"},{\"@type\":\"Organization\",\"@id\":\"https:\/\/centroesteticazaragoza.com\/tienda\/#organization\",\"name\":\"Tienda Ruise\u00f1ores\",\"url\":\"https:\/\/centroesteticazaragoza.com\/tienda\/\",\"logo\":{\"@type\":\"ImageObject\",\"inLanguage\":\"es\",\"@id\":\"https:\/\/centroesteticazaragoza.com\/tienda\/#\/schema\/logo\/image\/\",\"url\":\"https:\/\/centroesteticazaragoza.com\/tienda\/wp-content\/uploads\/2023\/01\/logotipo-tienda-centro-medico-estetico-ruisenores-gris.png\",\"contentUrl\":\"https:\/\/centroesteticazaragoza.com\/tienda\/wp-content\/uploads\/2023\/01\/logotipo-tienda-centro-medico-estetico-ruisenores-gris.png\",\"width\":528,\"height\":166,\"caption\":\"Tienda Ruise\u00f1ores\"},\"image\":{\"@id\":\"https:\/\/centroesteticazaragoza.com\/tienda\/#\/schema\/logo\/image\/\"}}]}<\/script>\n<!-- \/ Yoast SEO plugin. -->","yoast_head_json":{"title":"Pack Nutrici\u00f3n (1 consulta + 3 seguimientos) - Tienda Ruise\u00f1ores","description":"Aprovecha este Pack Nutrici\u00f3n completo que incluye una primera consulta y tres sesiones de seguimiento para un acompa\u00f1amiento continuo y personalizado.","robots":{"index":"index","follow":"follow","max-snippet":"max-snippet:-1","max-image-preview":"max-image-preview:large","max-video-preview":"max-video-preview:-1"},"canonical":"https:\/\/centroesteticazaragoza.com\/tienda\/producto\/pack-nutricion-completo\/","og_locale":"es_ES","og_type":"article","og_title":"Pack Nutrici\u00f3n (1 consulta + 3 seguimientos) - Tienda Ruise\u00f1ores","og_description":"Aprovecha este Pack Nutrici\u00f3n completo que incluye una primera consulta y tres sesiones de seguimiento para un acompa\u00f1amiento continuo y personalizado.","og_url":"https:\/\/centroesteticazaragoza.com\/tienda\/producto\/pack-nutricion-completo\/","og_site_name":"Tienda Ruise\u00f1ores","article_modified_time":"2025-09-29T10:08:28+00:00","og_image":[{"width":797,"height":800,"url":"https:\/\/centroesteticazaragoza.com\/tienda\/wp-content\/uploads\/2025\/09\/nutricion-pack-zaragoza.jpg","type":"image\/jpeg"}],"twitter_card":"summary_large_image","twitter_misc":{"Tiempo de lectura":"1 minuto"},"schema":{"@context":"https:\/\/schema.org","@graph":[{"@type":"WebPage","@id":"https:\/\/centroesteticazaragoza.com\/tienda\/producto\/pack-nutricion-completo\/","url":"https:\/\/centroesteticazaragoza.com\/tienda\/producto\/pack-nutricion-completo\/","name":"Pack Nutrici\u00f3n (1 consulta + 3 seguimientos) - Tienda Ruise\u00f1ores","isPartOf":{"@id":"https:\/\/centroesteticazaragoza.com\/tienda\/#website"},"primaryImageOfPage":{"@id":"https:\/\/centroesteticazaragoza.com\/tienda\/producto\/pack-nutricion-completo\/#primaryimage"},"image":{"@id":"https:\/\/centroesteticazaragoza.com\/tienda\/producto\/pack-nutricion-completo\/#primaryimage"},"thumbnailUrl":"https:\/\/centroesteticazaragoza.com\/tienda\/wp-content\/uploads\/2025\/09\/nutricion-pack-zaragoza.jpg","datePublished":"2025-09-29T10:08:27+00:00","dateModified":"2025-09-29T10:08:28+00:00","description":"Aprovecha este Pack Nutrici\u00f3n completo que incluye una primera consulta y tres sesiones de seguimiento para un acompa\u00f1amiento continuo y personalizado.","breadcrumb":{"@id":"https:\/\/centroesteticazaragoza.com\/tienda\/producto\/pack-nutricion-completo\/#breadcrumb"},"inLanguage":"es","potentialAction":[{"@type":"ReadAction","target":["https:\/\/centroesteticazaragoza.com\/tienda\/producto\/pack-nutricion-completo\/"]}]},{"@type":"ImageObject","inLanguage":"es","@id":"https:\/\/centroesteticazaragoza.com\/tienda\/producto\/pack-nutricion-completo\/#primaryimage","url":"https:\/\/centroesteticazaragoza.com\/tienda\/wp-content\/uploads\/2025\/09\/nutricion-pack-zaragoza.jpg","contentUrl":"https:\/\/centroesteticazaragoza.com\/tienda\/wp-content\/uploads\/2025\/09\/nutricion-pack-zaragoza.jpg","width":797,"height":800},{"@type":"BreadcrumbList","@id":"https:\/\/centroesteticazaragoza.com\/tienda\/producto\/pack-nutricion-completo\/#breadcrumb","itemListElement":[{"@type":"ListItem","position":1,"name":"Portada","item":"https:\/\/centroesteticazaragoza.com\/tienda\/"},{"@type":"ListItem","position":2,"name":"Tienda","item":"https:\/\/centroesteticazaragoza.com\/tienda\/tienda\/"},{"@type":"ListItem","position":3,"name":"Pack Nutrici\u00f3n (1 consulta + 3 seguimientos)"}]},{"@type":"WebSite","@id":"https:\/\/centroesteticazaragoza.com\/tienda\/#website","url":"https:\/\/centroesteticazaragoza.com\/tienda\/","name":"Tienda Ruise\u00f1ores","description":"Tratamientos para tu cuerpo, tu piel y tu rostro.","publisher":{"@id":"https:\/\/centroesteticazaragoza.com\/tienda\/#organization"},"potentialAction":[{"@type":"SearchAction","target":{"@type":"EntryPoint","urlTemplate":"https:\/\/centroesteticazaragoza.com\/tienda\/?s={search_term_string}"},"query-input":{"@type":"PropertyValueSpecification","valueRequired":true,"valueName":"search_term_string"}}],"inLanguage":"es"},{"@type":"Organization","@id":"https:\/\/centroesteticazaragoza.com\/tienda\/#organization","name":"Tienda Ruise\u00f1ores","url":"https:\/\/centroesteticazaragoza.com\/tienda\/","logo":{"@type":"ImageObject","inLanguage":"es","@id":"https:\/\/centroesteticazaragoza.com\/tienda\/#\/schema\/logo\/image\/","url":"https:\/\/centroesteticazaragoza.com\/tienda\/wp-content\/uploads\/2023\/01\/logotipo-tienda-centro-medico-estetico-ruisenores-gris.png","contentUrl":"https:\/\/centroesteticazaragoza.com\/tienda\/wp-content\/uploads\/2023\/01\/logotipo-tienda-centro-medico-estetico-ruisenores-gris.png","width":528,"height":166,"caption":"Tienda Ruise\u00f1ores"},"image":{"@id":"https:\/\/centroesteticazaragoza.com\/tienda\/#\/schema\/logo\/image\/"}}]}},"_links":{"self":[{"href":"https:\/\/centroesteticazaragoza.com\/tienda\/wp-json\/wp\/v2\/product\/1701","targetHints":{"allow":["GET"]}}],"collection":[{"href":"https:\/\/centroesteticazaragoza.com\/tienda\/wp-json\/wp\/v2\/product"}],"about":[{"href":"https:\/\/centroesteticazaragoza.com\/tienda\/wp-json\/wp\/v2\/types\/product"}],"wp:featuredmedia":[{"embeddable":true,"href":"https:\/\/centroesteticazaragoza.com\/tienda\/wp-json\/wp\/v2\/media\/1702"}],"wp:attachment":[{"href":"https:\/\/centroesteticazaragoza.com\/tienda\/wp-json\/wp\/v2\/media?parent=1701"}],"wp:term":[{"taxonomy":"product_brand","embeddable":true,"href":"https:\/\/centroesteticazaragoza.com\/tienda\/wp-json\/wp\/v2\/product_brand?post=1701"},{"taxonomy":"product_cat","embeddable":true,"href":"https:\/\/centroesteticazaragoza.com\/tienda\/wp-json\/wp\/v2\/product_cat?post=1701"},{"taxonomy":"product_tag","embeddable":true,"href":"https:\/\/centroesteticazaragoza.com\/tienda\/wp-json\/wp\/v2\/product_tag?post=1701"}],"curies":[{"name":"wp","href":"https:\/\/api.w.org\/{rel}","templated":true}]}}