{"id":1700,"date":"2025-09-29T12:01:40","date_gmt":"2025-09-29T10:01:40","guid":{"rendered":"https:\/\/centroesteticazaragoza.com\/tienda\/?post_type=product&#038;p=1700"},"modified":"2025-09-29T12:02:45","modified_gmt":"2025-09-29T10:02:45","slug":"consulta-seguimiento-nutricional","status":"publish","type":"product","link":"https:\/\/centroesteticazaragoza.com\/tienda\/producto\/consulta-seguimiento-nutricional\/","title":{"rendered":"Consulta de Seguimiento Nutricional"},"content":{"rendered":"<p data-start=\"1886\" data-end=\"2142\">Contin\u00faa tu proceso con una <strong data-start=\"1914\" data-end=\"1953\">consulta de seguimiento nutricional<\/strong> guiada por <strong data-start=\"1965\" data-end=\"1982\">Borja Notivol<\/strong>. Antes debes haber tenido tu <a href=\"https:\/\/centroesteticazaragoza.com\/tienda\/producto\/primera-consulta-nutricional\/\">primera consulta nutricional<\/a>. En cada sesi\u00f3n revisamos tus avances, analizamos resultados y realizamos los <strong data-start=\"2063\" data-end=\"2085\">ajustes necesarios<\/strong> para mantener tu motivaci\u00f3n y conseguir tus objetivos. Ideal para reforzar tu compromiso, resolver dudas y adaptar tu plan a cada fase del proceso.<\/p>\n","protected":false},"excerpt":{"rendered":"<p>Revisi\u00f3n de progresos, resoluci\u00f3n de dudas y ajuste del plan nutricional. Acompa\u00f1amiento personalizado.<\/p>\n","protected":false},"featured_media":752,"template":"","meta":[],"product_brand":[],"product_cat":[20,48],"product_tag":[],"class_list":{"0":"post-1700","1":"product","2":"type-product","3":"status-publish","4":"has-post-thumbnail","6":"product_cat-tratamientos-de-estetica","7":"product_cat-tratamientos-nutricion","9":"first","10":"instock","11":"virtual","12":"taxable","13":"purchasable","14":"product-type-simple"},"yoast_head":"<!-- This site is optimized with the Yoast SEO plugin v26.8 - https:\/\/yoast.com\/product\/yoast-seo-wordpress\/ -->\n<title>Consulta de Seguimiento Nutricional - Tienda Ruise\u00f1ores<\/title>\n<meta name=\"description\" content=\"Contin\u00faa tu proceso con una consulta de seguimiento nutricional en Zaragoza. Revisamos tus avances y analizamos resultados contigo.\" \/>\n<meta name=\"robots\" content=\"index, follow, max-snippet:-1, max-image-preview:large, max-video-preview:-1\" \/>\n<link rel=\"canonical\" href=\"https:\/\/centroesteticazaragoza.com\/tienda\/producto\/consulta-seguimiento-nutricional\/\" \/>\n<meta property=\"og:locale\" content=\"es_ES\" \/>\n<meta property=\"og:type\" content=\"article\" \/>\n<meta property=\"og:title\" content=\"Consulta de Seguimiento Nutricional - Tienda Ruise\u00f1ores\" \/>\n<meta property=\"og:description\" content=\"Contin\u00faa tu proceso con una consulta de seguimiento nutricional en Zaragoza. Revisamos tus avances y analizamos resultados contigo.\" \/>\n<meta property=\"og:url\" content=\"https:\/\/centroesteticazaragoza.com\/tienda\/producto\/consulta-seguimiento-nutricional\/\" \/>\n<meta property=\"og:site_name\" content=\"Tienda Ruise\u00f1ores\" \/>\n<meta property=\"article:modified_time\" content=\"2025-09-29T10:02:45+00:00\" \/>\n<meta property=\"og:image\" content=\"https:\/\/centroesteticazaragoza.com\/tienda\/wp-content\/uploads\/2023\/12\/nutricion.webp\" \/>\n\t<meta property=\"og:image:width\" content=\"324\" \/>\n\t<meta property=\"og:image:height\" content=\"324\" \/>\n\t<meta property=\"og:image:type\" content=\"image\/webp\" \/>\n<meta name=\"twitter:card\" content=\"summary_large_image\" \/>\n<meta name=\"twitter:label1\" content=\"Tiempo de lectura\" \/>\n\t<meta name=\"twitter:data1\" content=\"1 minuto\" \/>\n<script type=\"application\/ld+json\" class=\"yoast-schema-graph\">{\"@context\":\"https:\/\/schema.org\",\"@graph\":[{\"@type\":\"WebPage\",\"@id\":\"https:\/\/centroesteticazaragoza.com\/tienda\/producto\/consulta-seguimiento-nutricional\/\",\"url\":\"https:\/\/centroesteticazaragoza.com\/tienda\/producto\/consulta-seguimiento-nutricional\/\",\"name\":\"Consulta de Seguimiento Nutricional - Tienda Ruise\u00f1ores\",\"isPartOf\":{\"@id\":\"https:\/\/centroesteticazaragoza.com\/tienda\/#website\"},\"primaryImageOfPage\":{\"@id\":\"https:\/\/centroesteticazaragoza.com\/tienda\/producto\/consulta-seguimiento-nutricional\/#primaryimage\"},\"image\":{\"@id\":\"https:\/\/centroesteticazaragoza.com\/tienda\/producto\/consulta-seguimiento-nutricional\/#primaryimage\"},\"thumbnailUrl\":\"https:\/\/centroesteticazaragoza.com\/tienda\/wp-content\/uploads\/2023\/12\/nutricion.webp\",\"datePublished\":\"2025-09-29T10:01:40+00:00\",\"dateModified\":\"2025-09-29T10:02:45+00:00\",\"description\":\"Contin\u00faa tu proceso con una consulta de seguimiento nutricional en Zaragoza. Revisamos tus avances y analizamos resultados contigo.\",\"breadcrumb\":{\"@id\":\"https:\/\/centroesteticazaragoza.com\/tienda\/producto\/consulta-seguimiento-nutricional\/#breadcrumb\"},\"inLanguage\":\"es\",\"potentialAction\":[{\"@type\":\"ReadAction\",\"target\":[\"https:\/\/centroesteticazaragoza.com\/tienda\/producto\/consulta-seguimiento-nutricional\/\"]}]},{\"@type\":\"ImageObject\",\"inLanguage\":\"es\",\"@id\":\"https:\/\/centroesteticazaragoza.com\/tienda\/producto\/consulta-seguimiento-nutricional\/#primaryimage\",\"url\":\"https:\/\/centroesteticazaragoza.com\/tienda\/wp-content\/uploads\/2023\/12\/nutricion.webp\",\"contentUrl\":\"https:\/\/centroesteticazaragoza.com\/tienda\/wp-content\/uploads\/2023\/12\/nutricion.webp\",\"width\":324,\"height\":324},{\"@type\":\"BreadcrumbList\",\"@id\":\"https:\/\/centroesteticazaragoza.com\/tienda\/producto\/consulta-seguimiento-nutricional\/#breadcrumb\",\"itemListElement\":[{\"@type\":\"ListItem\",\"position\":1,\"name\":\"Portada\",\"item\":\"https:\/\/centroesteticazaragoza.com\/tienda\/\"},{\"@type\":\"ListItem\",\"position\":2,\"name\":\"Tienda\",\"item\":\"https:\/\/centroesteticazaragoza.com\/tienda\/tienda\/\"},{\"@type\":\"ListItem\",\"position\":3,\"name\":\"Consulta de Seguimiento Nutricional\"}]},{\"@type\":\"WebSite\",\"@id\":\"https:\/\/centroesteticazaragoza.com\/tienda\/#website\",\"url\":\"https:\/\/centroesteticazaragoza.com\/tienda\/\",\"name\":\"Tienda Ruise\u00f1ores\",\"description\":\"Tratamientos para tu cuerpo, tu piel y tu rostro.\",\"publisher\":{\"@id\":\"https:\/\/centroesteticazaragoza.com\/tienda\/#organization\"},\"potentialAction\":[{\"@type\":\"SearchAction\",\"target\":{\"@type\":\"EntryPoint\",\"urlTemplate\":\"https:\/\/centroesteticazaragoza.com\/tienda\/?s={search_term_string}\"},\"query-input\":{\"@type\":\"PropertyValueSpecification\",\"valueRequired\":true,\"valueName\":\"search_term_string\"}}],\"inLanguage\":\"es\"},{\"@type\":\"Organization\",\"@id\":\"https:\/\/centroesteticazaragoza.com\/tienda\/#organization\",\"name\":\"Tienda Ruise\u00f1ores\",\"url\":\"https:\/\/centroesteticazaragoza.com\/tienda\/\",\"logo\":{\"@type\":\"ImageObject\",\"inLanguage\":\"es\",\"@id\":\"https:\/\/centroesteticazaragoza.com\/tienda\/#\/schema\/logo\/image\/\",\"url\":\"https:\/\/centroesteticazaragoza.com\/tienda\/wp-content\/uploads\/2023\/01\/logotipo-tienda-centro-medico-estetico-ruisenores-gris.png\",\"contentUrl\":\"https:\/\/centroesteticazaragoza.com\/tienda\/wp-content\/uploads\/2023\/01\/logotipo-tienda-centro-medico-estetico-ruisenores-gris.png\",\"width\":528,\"height\":166,\"caption\":\"Tienda Ruise\u00f1ores\"},\"image\":{\"@id\":\"https:\/\/centroesteticazaragoza.com\/tienda\/#\/schema\/logo\/image\/\"}}]}<\/script>\n<!-- \/ Yoast SEO plugin. -->","yoast_head_json":{"title":"Consulta de Seguimiento Nutricional - Tienda Ruise\u00f1ores","description":"Contin\u00faa tu proceso con una consulta de seguimiento nutricional en Zaragoza. Revisamos tus avances y analizamos resultados contigo.","robots":{"index":"index","follow":"follow","max-snippet":"max-snippet:-1","max-image-preview":"max-image-preview:large","max-video-preview":"max-video-preview:-1"},"canonical":"https:\/\/centroesteticazaragoza.com\/tienda\/producto\/consulta-seguimiento-nutricional\/","og_locale":"es_ES","og_type":"article","og_title":"Consulta de Seguimiento Nutricional - Tienda Ruise\u00f1ores","og_description":"Contin\u00faa tu proceso con una consulta de seguimiento nutricional en Zaragoza. Revisamos tus avances y analizamos resultados contigo.","og_url":"https:\/\/centroesteticazaragoza.com\/tienda\/producto\/consulta-seguimiento-nutricional\/","og_site_name":"Tienda Ruise\u00f1ores","article_modified_time":"2025-09-29T10:02:45+00:00","og_image":[{"width":324,"height":324,"url":"https:\/\/centroesteticazaragoza.com\/tienda\/wp-content\/uploads\/2023\/12\/nutricion.webp","type":"image\/webp"}],"twitter_card":"summary_large_image","twitter_misc":{"Tiempo de lectura":"1 minuto"},"schema":{"@context":"https:\/\/schema.org","@graph":[{"@type":"WebPage","@id":"https:\/\/centroesteticazaragoza.com\/tienda\/producto\/consulta-seguimiento-nutricional\/","url":"https:\/\/centroesteticazaragoza.com\/tienda\/producto\/consulta-seguimiento-nutricional\/","name":"Consulta de Seguimiento Nutricional - Tienda Ruise\u00f1ores","isPartOf":{"@id":"https:\/\/centroesteticazaragoza.com\/tienda\/#website"},"primaryImageOfPage":{"@id":"https:\/\/centroesteticazaragoza.com\/tienda\/producto\/consulta-seguimiento-nutricional\/#primaryimage"},"image":{"@id":"https:\/\/centroesteticazaragoza.com\/tienda\/producto\/consulta-seguimiento-nutricional\/#primaryimage"},"thumbnailUrl":"https:\/\/centroesteticazaragoza.com\/tienda\/wp-content\/uploads\/2023\/12\/nutricion.webp","datePublished":"2025-09-29T10:01:40+00:00","dateModified":"2025-09-29T10:02:45+00:00","description":"Contin\u00faa tu proceso con una consulta de seguimiento nutricional en Zaragoza. Revisamos tus avances y analizamos resultados contigo.","breadcrumb":{"@id":"https:\/\/centroesteticazaragoza.com\/tienda\/producto\/consulta-seguimiento-nutricional\/#breadcrumb"},"inLanguage":"es","potentialAction":[{"@type":"ReadAction","target":["https:\/\/centroesteticazaragoza.com\/tienda\/producto\/consulta-seguimiento-nutricional\/"]}]},{"@type":"ImageObject","inLanguage":"es","@id":"https:\/\/centroesteticazaragoza.com\/tienda\/producto\/consulta-seguimiento-nutricional\/#primaryimage","url":"https:\/\/centroesteticazaragoza.com\/tienda\/wp-content\/uploads\/2023\/12\/nutricion.webp","contentUrl":"https:\/\/centroesteticazaragoza.com\/tienda\/wp-content\/uploads\/2023\/12\/nutricion.webp","width":324,"height":324},{"@type":"BreadcrumbList","@id":"https:\/\/centroesteticazaragoza.com\/tienda\/producto\/consulta-seguimiento-nutricional\/#breadcrumb","itemListElement":[{"@type":"ListItem","position":1,"name":"Portada","item":"https:\/\/centroesteticazaragoza.com\/tienda\/"},{"@type":"ListItem","position":2,"name":"Tienda","item":"https:\/\/centroesteticazaragoza.com\/tienda\/tienda\/"},{"@type":"ListItem","position":3,"name":"Consulta de Seguimiento Nutricional"}]},{"@type":"WebSite","@id":"https:\/\/centroesteticazaragoza.com\/tienda\/#website","url":"https:\/\/centroesteticazaragoza.com\/tienda\/","name":"Tienda Ruise\u00f1ores","description":"Tratamientos para tu cuerpo, tu piel y tu rostro.","publisher":{"@id":"https:\/\/centroesteticazaragoza.com\/tienda\/#organization"},"potentialAction":[{"@type":"SearchAction","target":{"@type":"EntryPoint","urlTemplate":"https:\/\/centroesteticazaragoza.com\/tienda\/?s={search_term_string}"},"query-input":{"@type":"PropertyValueSpecification","valueRequired":true,"valueName":"search_term_string"}}],"inLanguage":"es"},{"@type":"Organization","@id":"https:\/\/centroesteticazaragoza.com\/tienda\/#organization","name":"Tienda Ruise\u00f1ores","url":"https:\/\/centroesteticazaragoza.com\/tienda\/","logo":{"@type":"ImageObject","inLanguage":"es","@id":"https:\/\/centroesteticazaragoza.com\/tienda\/#\/schema\/logo\/image\/","url":"https:\/\/centroesteticazaragoza.com\/tienda\/wp-content\/uploads\/2023\/01\/logotipo-tienda-centro-medico-estetico-ruisenores-gris.png","contentUrl":"https:\/\/centroesteticazaragoza.com\/tienda\/wp-content\/uploads\/2023\/01\/logotipo-tienda-centro-medico-estetico-ruisenores-gris.png","width":528,"height":166,"caption":"Tienda Ruise\u00f1ores"},"image":{"@id":"https:\/\/centroesteticazaragoza.com\/tienda\/#\/schema\/logo\/image\/"}}]}},"_links":{"self":[{"href":"https:\/\/centroesteticazaragoza.com\/tienda\/wp-json\/wp\/v2\/product\/1700","targetHints":{"allow":["GET"]}}],"collection":[{"href":"https:\/\/centroesteticazaragoza.com\/tienda\/wp-json\/wp\/v2\/product"}],"about":[{"href":"https:\/\/centroesteticazaragoza.com\/tienda\/wp-json\/wp\/v2\/types\/product"}],"wp:featuredmedia":[{"embeddable":true,"href":"https:\/\/centroesteticazaragoza.com\/tienda\/wp-json\/wp\/v2\/media\/752"}],"wp:attachment":[{"href":"https:\/\/centroesteticazaragoza.com\/tienda\/wp-json\/wp\/v2\/media?parent=1700"}],"wp:term":[{"taxonomy":"product_brand","embeddable":true,"href":"https:\/\/centroesteticazaragoza.com\/tienda\/wp-json\/wp\/v2\/product_brand?post=1700"},{"taxonomy":"product_cat","embeddable":true,"href":"https:\/\/centroesteticazaragoza.com\/tienda\/wp-json\/wp\/v2\/product_cat?post=1700"},{"taxonomy":"product_tag","embeddable":true,"href":"https:\/\/centroesteticazaragoza.com\/tienda\/wp-json\/wp\/v2\/product_tag?post=1700"}],"curies":[{"name":"wp","href":"https:\/\/api.w.org\/{rel}","templated":true}]}}