{"id":1699,"date":"2025-09-29T11:56:13","date_gmt":"2025-09-29T09:56:13","guid":{"rendered":"https:\/\/centroesteticazaragoza.com\/tienda\/?post_type=product&#038;p=1699"},"modified":"2025-09-29T12:03:32","modified_gmt":"2025-09-29T10:03:32","slug":"primera-consulta-nutricional","status":"publish","type":"product","link":"https:\/\/centroesteticazaragoza.com\/tienda\/producto\/primera-consulta-nutricional\/","title":{"rendered":"Primera Consulta Nutricional"},"content":{"rendered":"<p data-start=\"801\" data-end=\"1197\"><strong data-start=\"828\" data-end=\"874\">Primera consulta nutricional personalizada.<\/strong><\/p>\n<p data-start=\"801\" data-end=\"1197\">En esta sesi\u00f3n inicial realizamos una <strong data-start=\"948\" data-end=\"971\">evaluaci\u00f3n completa<\/strong> de tu estado f\u00edsico, h\u00e1bitos alimentarios, historial de salud y objetivos personales.<\/p>\n<p data-start=\"801\" data-end=\"1197\">A partir de este an\u00e1lisis elaboramos un <strong data-start=\"1100\" data-end=\"1129\">plan nutricional adaptado<\/strong> a tus necesidades, con pautas claras, equilibradas y sostenibles.<\/p>\n<p data-start=\"1199\" data-end=\"1340\">Recibir\u00e1s orientaci\u00f3n profesional y recomendaciones pr\u00e1cticas desde el primer d\u00eda para mejorar tu salud, tu energ\u00eda y tu bienestar general.<\/p>\n","protected":false},"excerpt":{"rendered":"<p>Evaluaci\u00f3n completa de tu estado nutricional, h\u00e1bitos y objetivos. Incluye plan personalizado y pautas iniciales.<\/p>\n","protected":false},"featured_media":832,"template":"","meta":[],"product_brand":[],"product_cat":[20,48],"product_tag":[],"class_list":{"0":"post-1699","1":"product","2":"type-product","3":"status-publish","4":"has-post-thumbnail","6":"product_cat-tratamientos-de-estetica","7":"product_cat-tratamientos-nutricion","9":"first","10":"instock","11":"virtual","12":"taxable","13":"purchasable","14":"product-type-simple"},"yoast_head":"<!-- This site is optimized with the Yoast SEO plugin v26.8 - https:\/\/yoast.com\/product\/yoast-seo-wordpress\/ -->\n<title>Primera Consulta Nutricional - Tienda Ruise\u00f1ores<\/title>\n<meta name=\"description\" content=\"Comienza tu cambio con una primera consulta nutricional personalizada en Zaragoza. Mejorar tu salud, tu energ\u00eda y tu bienestar en Ruise\u00f1ores.\" \/>\n<meta name=\"robots\" content=\"index, follow, max-snippet:-1, max-image-preview:large, max-video-preview:-1\" \/>\n<link rel=\"canonical\" href=\"https:\/\/centroesteticazaragoza.com\/tienda\/producto\/primera-consulta-nutricional\/\" \/>\n<meta property=\"og:locale\" content=\"es_ES\" \/>\n<meta property=\"og:type\" content=\"article\" \/>\n<meta property=\"og:title\" content=\"Primera Consulta Nutricional - Tienda Ruise\u00f1ores\" \/>\n<meta property=\"og:description\" content=\"Comienza tu cambio con una primera consulta nutricional personalizada en Zaragoza. Mejorar tu salud, tu energ\u00eda y tu bienestar en Ruise\u00f1ores.\" \/>\n<meta property=\"og:url\" content=\"https:\/\/centroesteticazaragoza.com\/tienda\/producto\/primera-consulta-nutricional\/\" \/>\n<meta property=\"og:site_name\" content=\"Tienda Ruise\u00f1ores\" \/>\n<meta property=\"article:modified_time\" content=\"2025-09-29T10:03:32+00:00\" \/>\n<meta property=\"og:image\" content=\"https:\/\/centroesteticazaragoza.com\/tienda\/wp-content\/uploads\/2024\/02\/consulta-nutricional.webp\" \/>\n\t<meta property=\"og:image:width\" content=\"801\" \/>\n\t<meta property=\"og:image:height\" content=\"801\" \/>\n\t<meta property=\"og:image:type\" content=\"image\/webp\" \/>\n<meta name=\"twitter:card\" content=\"summary_large_image\" \/>\n<meta name=\"twitter:label1\" content=\"Tiempo de lectura\" \/>\n\t<meta name=\"twitter:data1\" content=\"1 minuto\" \/>\n<script type=\"application\/ld+json\" class=\"yoast-schema-graph\">{\"@context\":\"https:\/\/schema.org\",\"@graph\":[{\"@type\":\"WebPage\",\"@id\":\"https:\/\/centroesteticazaragoza.com\/tienda\/producto\/primera-consulta-nutricional\/\",\"url\":\"https:\/\/centroesteticazaragoza.com\/tienda\/producto\/primera-consulta-nutricional\/\",\"name\":\"Primera Consulta Nutricional - Tienda Ruise\u00f1ores\",\"isPartOf\":{\"@id\":\"https:\/\/centroesteticazaragoza.com\/tienda\/#website\"},\"primaryImageOfPage\":{\"@id\":\"https:\/\/centroesteticazaragoza.com\/tienda\/producto\/primera-consulta-nutricional\/#primaryimage\"},\"image\":{\"@id\":\"https:\/\/centroesteticazaragoza.com\/tienda\/producto\/primera-consulta-nutricional\/#primaryimage\"},\"thumbnailUrl\":\"https:\/\/centroesteticazaragoza.com\/tienda\/wp-content\/uploads\/2024\/02\/consulta-nutricional.webp\",\"datePublished\":\"2025-09-29T09:56:13+00:00\",\"dateModified\":\"2025-09-29T10:03:32+00:00\",\"description\":\"Comienza tu cambio con una primera consulta nutricional personalizada en Zaragoza. Mejorar tu salud, tu energ\u00eda y tu bienestar en Ruise\u00f1ores.\",\"breadcrumb\":{\"@id\":\"https:\/\/centroesteticazaragoza.com\/tienda\/producto\/primera-consulta-nutricional\/#breadcrumb\"},\"inLanguage\":\"es\",\"potentialAction\":[{\"@type\":\"ReadAction\",\"target\":[\"https:\/\/centroesteticazaragoza.com\/tienda\/producto\/primera-consulta-nutricional\/\"]}]},{\"@type\":\"ImageObject\",\"inLanguage\":\"es\",\"@id\":\"https:\/\/centroesteticazaragoza.com\/tienda\/producto\/primera-consulta-nutricional\/#primaryimage\",\"url\":\"https:\/\/centroesteticazaragoza.com\/tienda\/wp-content\/uploads\/2024\/02\/consulta-nutricional.webp\",\"contentUrl\":\"https:\/\/centroesteticazaragoza.com\/tienda\/wp-content\/uploads\/2024\/02\/consulta-nutricional.webp\",\"width\":801,\"height\":801},{\"@type\":\"BreadcrumbList\",\"@id\":\"https:\/\/centroesteticazaragoza.com\/tienda\/producto\/primera-consulta-nutricional\/#breadcrumb\",\"itemListElement\":[{\"@type\":\"ListItem\",\"position\":1,\"name\":\"Portada\",\"item\":\"https:\/\/centroesteticazaragoza.com\/tienda\/\"},{\"@type\":\"ListItem\",\"position\":2,\"name\":\"Tienda\",\"item\":\"https:\/\/centroesteticazaragoza.com\/tienda\/tienda\/\"},{\"@type\":\"ListItem\",\"position\":3,\"name\":\"Primera Consulta Nutricional\"}]},{\"@type\":\"WebSite\",\"@id\":\"https:\/\/centroesteticazaragoza.com\/tienda\/#website\",\"url\":\"https:\/\/centroesteticazaragoza.com\/tienda\/\",\"name\":\"Tienda Ruise\u00f1ores\",\"description\":\"Tratamientos para tu cuerpo, tu piel y tu rostro.\",\"publisher\":{\"@id\":\"https:\/\/centroesteticazaragoza.com\/tienda\/#organization\"},\"potentialAction\":[{\"@type\":\"SearchAction\",\"target\":{\"@type\":\"EntryPoint\",\"urlTemplate\":\"https:\/\/centroesteticazaragoza.com\/tienda\/?s={search_term_string}\"},\"query-input\":{\"@type\":\"PropertyValueSpecification\",\"valueRequired\":true,\"valueName\":\"search_term_string\"}}],\"inLanguage\":\"es\"},{\"@type\":\"Organization\",\"@id\":\"https:\/\/centroesteticazaragoza.com\/tienda\/#organization\",\"name\":\"Tienda Ruise\u00f1ores\",\"url\":\"https:\/\/centroesteticazaragoza.com\/tienda\/\",\"logo\":{\"@type\":\"ImageObject\",\"inLanguage\":\"es\",\"@id\":\"https:\/\/centroesteticazaragoza.com\/tienda\/#\/schema\/logo\/image\/\",\"url\":\"https:\/\/centroesteticazaragoza.com\/tienda\/wp-content\/uploads\/2023\/01\/logotipo-tienda-centro-medico-estetico-ruisenores-gris.png\",\"contentUrl\":\"https:\/\/centroesteticazaragoza.com\/tienda\/wp-content\/uploads\/2023\/01\/logotipo-tienda-centro-medico-estetico-ruisenores-gris.png\",\"width\":528,\"height\":166,\"caption\":\"Tienda Ruise\u00f1ores\"},\"image\":{\"@id\":\"https:\/\/centroesteticazaragoza.com\/tienda\/#\/schema\/logo\/image\/\"}}]}<\/script>\n<!-- \/ Yoast SEO plugin. -->","yoast_head_json":{"title":"Primera Consulta Nutricional - Tienda Ruise\u00f1ores","description":"Comienza tu cambio con una primera consulta nutricional personalizada en Zaragoza. Mejorar tu salud, tu energ\u00eda y tu bienestar en Ruise\u00f1ores.","robots":{"index":"index","follow":"follow","max-snippet":"max-snippet:-1","max-image-preview":"max-image-preview:large","max-video-preview":"max-video-preview:-1"},"canonical":"https:\/\/centroesteticazaragoza.com\/tienda\/producto\/primera-consulta-nutricional\/","og_locale":"es_ES","og_type":"article","og_title":"Primera Consulta Nutricional - Tienda Ruise\u00f1ores","og_description":"Comienza tu cambio con una primera consulta nutricional personalizada en Zaragoza. Mejorar tu salud, tu energ\u00eda y tu bienestar en Ruise\u00f1ores.","og_url":"https:\/\/centroesteticazaragoza.com\/tienda\/producto\/primera-consulta-nutricional\/","og_site_name":"Tienda Ruise\u00f1ores","article_modified_time":"2025-09-29T10:03:32+00:00","og_image":[{"width":801,"height":801,"url":"https:\/\/centroesteticazaragoza.com\/tienda\/wp-content\/uploads\/2024\/02\/consulta-nutricional.webp","type":"image\/webp"}],"twitter_card":"summary_large_image","twitter_misc":{"Tiempo de lectura":"1 minuto"},"schema":{"@context":"https:\/\/schema.org","@graph":[{"@type":"WebPage","@id":"https:\/\/centroesteticazaragoza.com\/tienda\/producto\/primera-consulta-nutricional\/","url":"https:\/\/centroesteticazaragoza.com\/tienda\/producto\/primera-consulta-nutricional\/","name":"Primera Consulta Nutricional - Tienda Ruise\u00f1ores","isPartOf":{"@id":"https:\/\/centroesteticazaragoza.com\/tienda\/#website"},"primaryImageOfPage":{"@id":"https:\/\/centroesteticazaragoza.com\/tienda\/producto\/primera-consulta-nutricional\/#primaryimage"},"image":{"@id":"https:\/\/centroesteticazaragoza.com\/tienda\/producto\/primera-consulta-nutricional\/#primaryimage"},"thumbnailUrl":"https:\/\/centroesteticazaragoza.com\/tienda\/wp-content\/uploads\/2024\/02\/consulta-nutricional.webp","datePublished":"2025-09-29T09:56:13+00:00","dateModified":"2025-09-29T10:03:32+00:00","description":"Comienza tu cambio con una primera consulta nutricional personalizada en Zaragoza. Mejorar tu salud, tu energ\u00eda y tu bienestar en Ruise\u00f1ores.","breadcrumb":{"@id":"https:\/\/centroesteticazaragoza.com\/tienda\/producto\/primera-consulta-nutricional\/#breadcrumb"},"inLanguage":"es","potentialAction":[{"@type":"ReadAction","target":["https:\/\/centroesteticazaragoza.com\/tienda\/producto\/primera-consulta-nutricional\/"]}]},{"@type":"ImageObject","inLanguage":"es","@id":"https:\/\/centroesteticazaragoza.com\/tienda\/producto\/primera-consulta-nutricional\/#primaryimage","url":"https:\/\/centroesteticazaragoza.com\/tienda\/wp-content\/uploads\/2024\/02\/consulta-nutricional.webp","contentUrl":"https:\/\/centroesteticazaragoza.com\/tienda\/wp-content\/uploads\/2024\/02\/consulta-nutricional.webp","width":801,"height":801},{"@type":"BreadcrumbList","@id":"https:\/\/centroesteticazaragoza.com\/tienda\/producto\/primera-consulta-nutricional\/#breadcrumb","itemListElement":[{"@type":"ListItem","position":1,"name":"Portada","item":"https:\/\/centroesteticazaragoza.com\/tienda\/"},{"@type":"ListItem","position":2,"name":"Tienda","item":"https:\/\/centroesteticazaragoza.com\/tienda\/tienda\/"},{"@type":"ListItem","position":3,"name":"Primera Consulta Nutricional"}]},{"@type":"WebSite","@id":"https:\/\/centroesteticazaragoza.com\/tienda\/#website","url":"https:\/\/centroesteticazaragoza.com\/tienda\/","name":"Tienda Ruise\u00f1ores","description":"Tratamientos para tu cuerpo, tu piel y tu rostro.","publisher":{"@id":"https:\/\/centroesteticazaragoza.com\/tienda\/#organization"},"potentialAction":[{"@type":"SearchAction","target":{"@type":"EntryPoint","urlTemplate":"https:\/\/centroesteticazaragoza.com\/tienda\/?s={search_term_string}"},"query-input":{"@type":"PropertyValueSpecification","valueRequired":true,"valueName":"search_term_string"}}],"inLanguage":"es"},{"@type":"Organization","@id":"https:\/\/centroesteticazaragoza.com\/tienda\/#organization","name":"Tienda Ruise\u00f1ores","url":"https:\/\/centroesteticazaragoza.com\/tienda\/","logo":{"@type":"ImageObject","inLanguage":"es","@id":"https:\/\/centroesteticazaragoza.com\/tienda\/#\/schema\/logo\/image\/","url":"https:\/\/centroesteticazaragoza.com\/tienda\/wp-content\/uploads\/2023\/01\/logotipo-tienda-centro-medico-estetico-ruisenores-gris.png","contentUrl":"https:\/\/centroesteticazaragoza.com\/tienda\/wp-content\/uploads\/2023\/01\/logotipo-tienda-centro-medico-estetico-ruisenores-gris.png","width":528,"height":166,"caption":"Tienda Ruise\u00f1ores"},"image":{"@id":"https:\/\/centroesteticazaragoza.com\/tienda\/#\/schema\/logo\/image\/"}}]}},"_links":{"self":[{"href":"https:\/\/centroesteticazaragoza.com\/tienda\/wp-json\/wp\/v2\/product\/1699","targetHints":{"allow":["GET"]}}],"collection":[{"href":"https:\/\/centroesteticazaragoza.com\/tienda\/wp-json\/wp\/v2\/product"}],"about":[{"href":"https:\/\/centroesteticazaragoza.com\/tienda\/wp-json\/wp\/v2\/types\/product"}],"wp:featuredmedia":[{"embeddable":true,"href":"https:\/\/centroesteticazaragoza.com\/tienda\/wp-json\/wp\/v2\/media\/832"}],"wp:attachment":[{"href":"https:\/\/centroesteticazaragoza.com\/tienda\/wp-json\/wp\/v2\/media?parent=1699"}],"wp:term":[{"taxonomy":"product_brand","embeddable":true,"href":"https:\/\/centroesteticazaragoza.com\/tienda\/wp-json\/wp\/v2\/product_brand?post=1699"},{"taxonomy":"product_cat","embeddable":true,"href":"https:\/\/centroesteticazaragoza.com\/tienda\/wp-json\/wp\/v2\/product_cat?post=1699"},{"taxonomy":"product_tag","embeddable":true,"href":"https:\/\/centroesteticazaragoza.com\/tienda\/wp-json\/wp\/v2\/product_tag?post=1699"}],"curies":[{"name":"wp","href":"https:\/\/api.w.org\/{rel}","templated":true}]}}