{"id":346,"date":"2023-02-07T10:18:39","date_gmt":"2023-02-07T10:18:39","guid":{"rendered":"https:\/\/centroesteticazaragoza.com\/tienda\/?page_id=346"},"modified":"2023-02-14T09:00:20","modified_gmt":"2023-02-14T09:00:20","slug":"condiciones-generales","status":"publish","type":"page","link":"https:\/\/centroesteticazaragoza.com\/tienda\/condiciones-generales\/","title":{"rendered":"Condiciones generales"},"content":{"rendered":"<div class=\"vce-row-container\" data-vce-boxed-width=\"true\"><div class=\"vce-row vce-row--col-gap-30 vce-row-equal-height vce-row-content--top\" id=\"el-2884b663\" data-vce-do-apply=\"all el-2884b663\"><div class=\"vce-content-background-container\"><\/div><div class=\"vce-row-content\" data-vce-element-content=\"true\"><div class=\"vce-col vce-col--md-auto vce-col--xs-1 vce-col--xs-last vce-col--xs-first vce-col--sm-last vce-col--sm-first vce-col--md-last vce-col--lg-last vce-col--xl-last vce-col--md-first vce-col--lg-first vce-col--xl-first\" id=\"el-2a8fb9a4\"><div class=\"vce-col-inner\" data-vce-do-apply=\"border margin background  el-2a8fb9a4\"><div class=\"vce-col-content\" data-vce-element-content=\"true\" data-vce-do-apply=\"padding el-2a8fb9a4\"><div class=\"vce-text-block\"><div class=\"vce-text-block-wrapper vce\" id=\"el-8ba550a2\" data-vce-do-apply=\"all el-8ba550a2\"><h1>T\u00c9RMINOS Y CONDICIONES DE VENTA<\/h1><br><h2>INTRODUCCI\u00d3N<\/h2><br>Las presentes condiciones generales de venta online son aplicables entre CENTRO EST\u00c9TICO RUISE\u00d1ORES y todos aquellos consumidores finales que realicen una compra online a trav\u00e9s de la p\u00e1gina <a href=\"http:\/\/www.centroesteticazaragoza.com\/\">www.centroesteticazaragoza.com<\/a>.<br><br>Ambas partes convienen que sus relaciones ser\u00e1n regidas exclusivamente por estas condiciones generales de compraventa las cuales son accesibles desde la p\u00e1gina web <a href=\"http:\/\/www.centroesteticazaragoza.com\/\">www.centroesteticazaragoza.com<\/a>, debiendo ser en todo caso, previamente aceptadas por el visitante online, con car\u00e1cter previo a la compra. Usted pude acceder, archivar e imprimir estas condiciones en cualquier momento para su consulta.<br><br>Las condiciones generales de venta en <a href=\"http:\/\/www.centroesteticazaragoza.com\/\">www.centroesteticazaragoza.com<\/a> descritas a continuaci\u00f3n (en adelante Condiciones Generales), rigen exclusivamente las relaciones contractuales entre todo usuario de la web <a href=\"http:\/\/www.centroesteticazaragoza.com\/\">www.centroesteticazaragoza.com<\/a>, denominado en lo sucesivo \u00abusuario\u00bb, \u00abcliente\u00bb o \u00abusted\u00bb, y el vendedor Centro M\u00e9dico Est\u00e9tico Ruise\u00f1ores.<br><br>Estas condiciones generales de venta son las \u00fanicas aplicables y reemplazan cualquier otra condici\u00f3n general. Centro M\u00e9dico Est\u00e9tico Ruise\u00f1ores puede ocasionalmente modificar los art\u00edculos de sus condiciones generales, por lo que es aconsejable que \u00e9stas sean le\u00eddas en cada visita a www.centroesteticazaragoza.com (denominada en adelante \u201cweb\u201d). Estas modificaciones son atribuibles a partir de su publicaci\u00f3n en internet y no podr\u00e1n aplicarse a los contratos concluidos anteriormente.<br><br>Cada compra en la web se rige por las condiciones generales aplicables en la fecha del pedido. Se considera que, una vez realizado un pedido, habr\u00e1 aceptado sin reservas nuestras condiciones generales de venta tras haberlas le\u00eddo.<br><br>Accediendo a la web, el usuario se compromete a respetar las Condiciones Generales, as\u00ed como las Condiciones de Utilizaci\u00f3n que figuran en las mismas.<br><br><h2>PROCESO DE COMPRA<\/h2><br>Los pasos para la compra son:<br><ol><br> \t<li><strong>Acceder a la tienda online<\/strong> <a href=\"http:\/\/www.centroesteticazaragoza.com\/\">www.centroesteticazaragoza.com<\/a> para comprar su medicamento. Para encontrarlo:<br>\u2022 Puede navegar entre las diferentes categor\u00edas<br>\u2022 Utilizando nuestro motor de b\u00fasqueda.<br>Una vez encontrado el producto en farma-vazquez.com, si lo desea pude pinchar sobre la foto para ver la caja del producto en detalle o bien acceder a la ficha del producto.<\/li><br> \t<li><strong>Cesta de la compra<\/strong><br>En cualquier momento podr\u00e1 visualizar en el carro de la compra de la farmacia online <a href=\"http:\/\/www.centroesteticazaragoza.com\/\">www.centroesteticazaragoza.com<\/a> los art\u00edculos a\u00f1adidos. En la cesta de la compra podr\u00e1s modificar las cantidades o suprimir los medicamentos deseados. Para finalizar la compra hay que hacer clic en el bot\u00f3n Finalizar Compra.<\/li><br><li><strong>M\u00e9todo de entrega:<\/strong><br>Una vez realizado el pedido el producto deber\u00e1 recogerse en nuestra tienda f\u00edsica ubicada en Plaza Diego de Vel\u00e1zquez N\u00ba2, 50006 Zaragoza.<\/li><br><li><strong>Validaci\u00f3n del carro de la compra y elige forma de pago.<\/strong><br>Antes de proceder al pago del pedido comprueba todos estos datos:<br>\u2022 Direcci\u00f3n de facturaci\u00f3n.<br>\u2022 Direcci\u00f3n de env\u00edo.<br>\u2022 Productos en el carro.<\/li><br><li><strong>Forma de pago:<\/strong><br>\u2022\tTarjeta de cr\u00e9dito o debido: Para cualquier importe. Solo se aceptan las tarjetas Visa, Mastercad, Visa Electr\u00f3n y Maestro.<\/li><\/ol><br><h2>C\u00d3MO REALIZAR LA COMPRA<\/h2><br>Para contratar el servicio en nuestra web s\u00f3lo tiene que rellenar todos los campos que se solicitan en el formulario de contrataci\u00f3n del servicio de consulta online y tramitar el pedido, empleando tarjeta bancaria como medio de pago.<br><br>Para realizar la compra del servicio en nuestra web ser\u00e1 necesario registrar sus datos personales.<br><br><h2>PRECIOS<\/h2><br>El precio de la contrataci\u00f3n del servicio en la web se muestra en euros y corresponde al precio final de compra.<br><br><h2>OPCIONES DE ENTREGA<\/h2><br>Una vez realizado el pago de la contrataci\u00f3n del servicio, recibir\u00e1 un correo indicando que el pago se ha realizado correctamente y se pondr\u00e1 en contacto con Centro M\u00e9dico Est\u00e9tico Ruise\u00f1ores pasadas 24h desde la compra para recoger su producto en tienda f\u00edsica. <br><br><h2>FORMA DE PAGO<\/h2><br>La forma de pago para la adquisici\u00f3n del servicio de <a href=\"http:\/\/www.centroesteticazaragoza.com\/\">www.centroesteticazaragoza.com<\/a> podr\u00e1 realizarse mediante tarjeta de cr\u00e9dito.<br>No se admite reembolsos ni devoluciones de la contrataci\u00f3n del servicio bajo ning\u00fan concepto.<br><br><h2>FACTURACI\u00d3N Y DOCUMENTO DE CARGO<\/h2><br>Si desea recibir una factura de compra deber\u00e1 enviarnos un e-mail solicit\u00e1ndolo, indic\u00e1ndonos su nombre y apellidos y el n\u00famero de pedido, al correo electr\u00f3nico <a href=\"mailto:estetica@centromedicoruisenores.com\">estetica@centromedicoruisenores.com<\/a>.<br><br><h2>SEGURIDAD AL REALIZAR LA CONTRATACI\u00d3N ONLINE<\/h2><br>A trav\u00e9s de <a href=\"http:\/\/www.centroesteticazaragoza.com\/\">www.centroesteticazaragoza.com<\/a> nunca recibe los datos de la tarjeta de cr\u00e9dito comunicada. \u00c9stos son procesados directamente por banco quien nos notifica la realizaci\u00f3n de la operaci\u00f3n.<br><br><h2>GESTI\u00d3N DE DATOS PERSONALES<\/h2><br>Con el fin de tramitar el servicio para el usuario, se solicitan ciertos datos personales como nombre y apellidos, tel\u00e9fono y e-mail, los cuales son tratados de forma informatizada. Usted autoriza expresamente que dichos datos sean archivados en nuestra base de datos de clientes para su uso interno.<br><br>De conformidad con lo establecido en la Ley Org\u00e1nica 3\/2018, de 5 de diciembre, de Protecci\u00f3n de Datos Personales y garant\u00eda de los derechos digitales, usted puede, en cualquier momento, acceder, modificar o solicitar que cancelemos su informaci\u00f3n personal de nuestra base de datos. <br>Para realizar la cancelaci\u00f3n de su informaci\u00f3n personal, habr\u00e1 de enviarnos un correo a <a href=\"mailto:estetica@centromedicoruisenores.com\">estetica@centromedicoruisenores.com<\/a> en la que solicite dicha cancelaci\u00f3n, indicando sus datos personales.<br><br>En el momento que un cliente se registra en nuestro servidor seguro o realiza la contrataci\u00f3n, sus datos personales, domiciliarios, y los relativos a su forma de pago, son incorporados a nuestra base de datos, utiliz\u00e1ndose \u00fanicamente para tramitar la contrataci\u00f3n.<br><br>Centro M\u00e9dico Est\u00e9tico Ruise\u00f1ores asegura la confidencialidad de los datos aportados por nuestros clientes, y garantiza que en ning\u00fan caso ser\u00e1 cedida a terceras empresas. \u00danicamente empleados autorizados tienen acceso a las bases de datos que almacenan informaci\u00f3n del usuario o a los servidores que hospedan nuestro servicio.<br><\/div><\/div><\/div><\/div><\/div><\/div><\/div><\/div>\n","protected":false},"excerpt":{"rendered":"<p>T\u00c9RMINOS Y CONDICIONES DE VENTAINTRODUCCI\u00d3NLas presentes condiciones generales de venta online son aplicables entre CENTRO EST\u00c9TICO RUISE\u00d1ORES y todos aquellos consumidores finales que realicen una compra online a trav\u00e9s de la p\u00e1gina www.centroesteticazaragoza.com.Ambas partes convienen que sus relaciones ser\u00e1n regidas exclusivamente por estas condiciones generales de compraventa las cuales son accesibles desde la p\u00e1gina web [&hellip;]<\/p>\n","protected":false},"author":1,"featured_media":0,"parent":0,"menu_order":0,"comment_status":"closed","ping_status":"closed","template":"","meta":{"footnotes":""},"class_list":["post-346","page","type-page","status-publish","hentry"],"yoast_head":"<!-- This site is optimized with the Yoast SEO plugin v26.8 - https:\/\/yoast.com\/product\/yoast-seo-wordpress\/ -->\n<title>Condiciones generales - Tienda Ruise\u00f1ores<\/title>\n<meta name=\"robots\" content=\"noindex, nofollow\" \/>\n<meta property=\"og:locale\" content=\"es_ES\" \/>\n<meta property=\"og:type\" content=\"article\" \/>\n<meta property=\"og:title\" content=\"Condiciones generales - Tienda Ruise\u00f1ores\" \/>\n<meta property=\"og:description\" content=\"T\u00c9RMINOS Y CONDICIONES DE VENTAINTRODUCCI\u00d3NLas presentes condiciones generales de venta online son aplicables entre CENTRO EST\u00c9TICO RUISE\u00d1ORES y todos aquellos consumidores finales que realicen una compra online a trav\u00e9s de la p\u00e1gina www.centroesteticazaragoza.com.Ambas partes convienen que sus relaciones ser\u00e1n regidas exclusivamente por estas condiciones generales de compraventa las cuales son accesibles desde la p\u00e1gina web [&hellip;]\" \/>\n<meta property=\"og:url\" content=\"https:\/\/centroesteticazaragoza.com\/tienda\/condiciones-generales\/\" \/>\n<meta property=\"og:site_name\" content=\"Tienda Ruise\u00f1ores\" \/>\n<meta property=\"article:modified_time\" content=\"2023-02-14T09:00:20+00:00\" \/>\n<meta name=\"twitter:card\" content=\"summary_large_image\" \/>\n<script type=\"application\/ld+json\" class=\"yoast-schema-graph\">{\"@context\":\"https:\/\/schema.org\",\"@graph\":[{\"@type\":\"WebPage\",\"@id\":\"https:\/\/centroesteticazaragoza.com\/tienda\/condiciones-generales\/\",\"url\":\"https:\/\/centroesteticazaragoza.com\/tienda\/condiciones-generales\/\",\"name\":\"Condiciones generales - Tienda Ruise\u00f1ores\",\"isPartOf\":{\"@id\":\"https:\/\/centroesteticazaragoza.com\/tienda\/#website\"},\"datePublished\":\"2023-02-07T10:18:39+00:00\",\"dateModified\":\"2023-02-14T09:00:20+00:00\",\"breadcrumb\":{\"@id\":\"https:\/\/centroesteticazaragoza.com\/tienda\/condiciones-generales\/#breadcrumb\"},\"inLanguage\":\"es\",\"potentialAction\":[{\"@type\":\"ReadAction\",\"target\":[\"https:\/\/centroesteticazaragoza.com\/tienda\/condiciones-generales\/\"]}]},{\"@type\":\"BreadcrumbList\",\"@id\":\"https:\/\/centroesteticazaragoza.com\/tienda\/condiciones-generales\/#breadcrumb\",\"itemListElement\":[{\"@type\":\"ListItem\",\"position\":1,\"name\":\"Portada\",\"item\":\"https:\/\/centroesteticazaragoza.com\/tienda\/\"},{\"@type\":\"ListItem\",\"position\":2,\"name\":\"Condiciones generales\"}]},{\"@type\":\"WebSite\",\"@id\":\"https:\/\/centroesteticazaragoza.com\/tienda\/#website\",\"url\":\"https:\/\/centroesteticazaragoza.com\/tienda\/\",\"name\":\"Tienda Ruise\u00f1ores\",\"description\":\"Tratamientos para tu cuerpo, tu piel y tu rostro.\",\"publisher\":{\"@id\":\"https:\/\/centroesteticazaragoza.com\/tienda\/#organization\"},\"potentialAction\":[{\"@type\":\"SearchAction\",\"target\":{\"@type\":\"EntryPoint\",\"urlTemplate\":\"https:\/\/centroesteticazaragoza.com\/tienda\/?s={search_term_string}\"},\"query-input\":{\"@type\":\"PropertyValueSpecification\",\"valueRequired\":true,\"valueName\":\"search_term_string\"}}],\"inLanguage\":\"es\"},{\"@type\":\"Organization\",\"@id\":\"https:\/\/centroesteticazaragoza.com\/tienda\/#organization\",\"name\":\"Tienda Ruise\u00f1ores\",\"url\":\"https:\/\/centroesteticazaragoza.com\/tienda\/\",\"logo\":{\"@type\":\"ImageObject\",\"inLanguage\":\"es\",\"@id\":\"https:\/\/centroesteticazaragoza.com\/tienda\/#\/schema\/logo\/image\/\",\"url\":\"https:\/\/centroesteticazaragoza.com\/tienda\/wp-content\/uploads\/2023\/01\/logotipo-tienda-centro-medico-estetico-ruisenores-gris.png\",\"contentUrl\":\"https:\/\/centroesteticazaragoza.com\/tienda\/wp-content\/uploads\/2023\/01\/logotipo-tienda-centro-medico-estetico-ruisenores-gris.png\",\"width\":528,\"height\":166,\"caption\":\"Tienda Ruise\u00f1ores\"},\"image\":{\"@id\":\"https:\/\/centroesteticazaragoza.com\/tienda\/#\/schema\/logo\/image\/\"}}]}<\/script>\n<!-- \/ Yoast SEO plugin. -->","yoast_head_json":{"title":"Condiciones generales - Tienda Ruise\u00f1ores","robots":{"index":"noindex","follow":"nofollow"},"og_locale":"es_ES","og_type":"article","og_title":"Condiciones generales - Tienda Ruise\u00f1ores","og_description":"T\u00c9RMINOS Y CONDICIONES DE VENTAINTRODUCCI\u00d3NLas presentes condiciones generales de venta online son aplicables entre CENTRO EST\u00c9TICO RUISE\u00d1ORES y todos aquellos consumidores finales que realicen una compra online a trav\u00e9s de la p\u00e1gina www.centroesteticazaragoza.com.Ambas partes convienen que sus relaciones ser\u00e1n regidas exclusivamente por estas condiciones generales de compraventa las cuales son accesibles desde la p\u00e1gina web [&hellip;]","og_url":"https:\/\/centroesteticazaragoza.com\/tienda\/condiciones-generales\/","og_site_name":"Tienda Ruise\u00f1ores","article_modified_time":"2023-02-14T09:00:20+00:00","twitter_card":"summary_large_image","schema":{"@context":"https:\/\/schema.org","@graph":[{"@type":"WebPage","@id":"https:\/\/centroesteticazaragoza.com\/tienda\/condiciones-generales\/","url":"https:\/\/centroesteticazaragoza.com\/tienda\/condiciones-generales\/","name":"Condiciones generales - Tienda Ruise\u00f1ores","isPartOf":{"@id":"https:\/\/centroesteticazaragoza.com\/tienda\/#website"},"datePublished":"2023-02-07T10:18:39+00:00","dateModified":"2023-02-14T09:00:20+00:00","breadcrumb":{"@id":"https:\/\/centroesteticazaragoza.com\/tienda\/condiciones-generales\/#breadcrumb"},"inLanguage":"es","potentialAction":[{"@type":"ReadAction","target":["https:\/\/centroesteticazaragoza.com\/tienda\/condiciones-generales\/"]}]},{"@type":"BreadcrumbList","@id":"https:\/\/centroesteticazaragoza.com\/tienda\/condiciones-generales\/#breadcrumb","itemListElement":[{"@type":"ListItem","position":1,"name":"Portada","item":"https:\/\/centroesteticazaragoza.com\/tienda\/"},{"@type":"ListItem","position":2,"name":"Condiciones generales"}]},{"@type":"WebSite","@id":"https:\/\/centroesteticazaragoza.com\/tienda\/#website","url":"https:\/\/centroesteticazaragoza.com\/tienda\/","name":"Tienda Ruise\u00f1ores","description":"Tratamientos para tu cuerpo, tu piel y tu rostro.","publisher":{"@id":"https:\/\/centroesteticazaragoza.com\/tienda\/#organization"},"potentialAction":[{"@type":"SearchAction","target":{"@type":"EntryPoint","urlTemplate":"https:\/\/centroesteticazaragoza.com\/tienda\/?s={search_term_string}"},"query-input":{"@type":"PropertyValueSpecification","valueRequired":true,"valueName":"search_term_string"}}],"inLanguage":"es"},{"@type":"Organization","@id":"https:\/\/centroesteticazaragoza.com\/tienda\/#organization","name":"Tienda Ruise\u00f1ores","url":"https:\/\/centroesteticazaragoza.com\/tienda\/","logo":{"@type":"ImageObject","inLanguage":"es","@id":"https:\/\/centroesteticazaragoza.com\/tienda\/#\/schema\/logo\/image\/","url":"https:\/\/centroesteticazaragoza.com\/tienda\/wp-content\/uploads\/2023\/01\/logotipo-tienda-centro-medico-estetico-ruisenores-gris.png","contentUrl":"https:\/\/centroesteticazaragoza.com\/tienda\/wp-content\/uploads\/2023\/01\/logotipo-tienda-centro-medico-estetico-ruisenores-gris.png","width":528,"height":166,"caption":"Tienda Ruise\u00f1ores"},"image":{"@id":"https:\/\/centroesteticazaragoza.com\/tienda\/#\/schema\/logo\/image\/"}}]}},"_links":{"self":[{"href":"https:\/\/centroesteticazaragoza.com\/tienda\/wp-json\/wp\/v2\/pages\/346","targetHints":{"allow":["GET"]}}],"collection":[{"href":"https:\/\/centroesteticazaragoza.com\/tienda\/wp-json\/wp\/v2\/pages"}],"about":[{"href":"https:\/\/centroesteticazaragoza.com\/tienda\/wp-json\/wp\/v2\/types\/page"}],"author":[{"embeddable":true,"href":"https:\/\/centroesteticazaragoza.com\/tienda\/wp-json\/wp\/v2\/users\/1"}],"replies":[{"embeddable":true,"href":"https:\/\/centroesteticazaragoza.com\/tienda\/wp-json\/wp\/v2\/comments?post=346"}],"version-history":[{"count":6,"href":"https:\/\/centroesteticazaragoza.com\/tienda\/wp-json\/wp\/v2\/pages\/346\/revisions"}],"predecessor-version":[{"id":377,"href":"https:\/\/centroesteticazaragoza.com\/tienda\/wp-json\/wp\/v2\/pages\/346\/revisions\/377"}],"wp:attachment":[{"href":"https:\/\/centroesteticazaragoza.com\/tienda\/wp-json\/wp\/v2\/media?parent=346"}],"curies":[{"name":"wp","href":"https:\/\/api.w.org\/{rel}","templated":true}]}}