{"id":30,"date":"2023-01-18T14:31:50","date_gmt":"2023-01-18T14:31:50","guid":{"rendered":"https:\/\/centroesteticazaragoza.com\/tienda\/?page_id=30"},"modified":"2023-10-18T15:36:03","modified_gmt":"2023-10-18T15:36:03","slug":"contacto","status":"publish","type":"page","link":"https:\/\/centroesteticazaragoza.com\/tienda\/contacto\/","title":{"rendered":""},"content":{"rendered":"<div class=\"vce-row-container\"><div class=\"vce-row vce-row--col-gap-30 vce-row-equal-height vce-row-content--top\" data-vce-full-width=\"true\" id=\"el-526a8e7d\" data-vce-do-apply=\"all el-526a8e7d\"><div class=\"vce-content-background-container\"><div class=\"vce-asset-color-gradient-container vce-visible-all-only\" data-vce-do-apply=\"gradient el-526a8e7d\"><\/div><\/div><div class=\"vce-row-content\" data-vce-element-content=\"true\"><div class=\"vce-col vce-col--md-auto vce-col--xs-1 vce-col--xs-last vce-col--xs-first vce-col--sm-last vce-col--sm-first vce-col--md-last vce-col--lg-last vce-col--xl-last vce-col--md-first vce-col--lg-first vce-col--xl-first\" id=\"el-21c4941e\"><div class=\"vce-col-inner\" data-vce-do-apply=\"border margin background  el-21c4941e\"><div class=\"vce-col-content\" data-vce-element-content=\"true\" data-vce-do-apply=\"padding el-21c4941e\"><div class=\"vce-text-block\"><div class=\"vce-text-block-wrapper vce\" id=\"el-657167ff\" data-vce-do-apply=\"all el-657167ff\"><h1 class=\"title\">Contacta con nosotros<\/h1><\/div><\/div><div class=\"vce vce-separator-container vce-separator--align-center vce-separator--style-solid\" id=\"el-31d50e23\" data-vce-do-apply=\"margin el-31d50e23\"><div class=\"vce-separator vce-separator--color-ba-193-173-148-0-37 vce-separator--width-25 vce-separator--thickness-2\" data-vce-do-apply=\"border padding background  el-31d50e23\"><\/div><\/div><\/div><\/div><\/div><\/div><\/div><\/div><div class=\"vce-row-container\" data-vce-boxed-width=\"true\"><div class=\"vce-row vce-row--col-gap-30 vce-row-equal-height vce-row-content--top\" id=\"el-d23a7b4e\" data-vce-do-apply=\"all el-d23a7b4e\"><div class=\"vce-row-content\" data-vce-element-content=\"true\"><div class=\"vce-col vce-col--md-auto vce-col--xs-1 vce-col--xs-last vce-col--xs-first vce-col--sm-last vce-col--sm-first vce-col--md-first vce-col--lg-first vce-col--xl-first\" id=\"el-bea3acba\"><div class=\"vce-col-inner\" data-vce-do-apply=\"border margin background  el-bea3acba\"><div class=\"vce-col-content\" data-vce-element-content=\"true\" data-vce-do-apply=\"padding el-bea3acba\"><div class=\"vce-features vce-var-icon vce-features--style-filled-circle vce-features--size-small\" style=\"--iconAlignment: center; --iconColor: rgb(53, 36, 18); --iconColorHover: rgb(53, 36, 18); --shapeColor: rgba(193, 173, 149, 0.37); --shapeColorHover: rgba(193, 173, 149, 0.37); --linkColorHover: rgba(173,155,133,0.37);\"><div id=\"el-6a6dda8d\" class=\"vce vce-features-icon-wrapper\" data-vce-do-apply=\"all el-6a6dda8d\"><div class=\"vce-features--icon vce-icon\"><svg xmlns=\"https:\/\/www.w3.org\/2000\/svg\" viewBox=\"0 0 769 769\"><path stroke-width=\"25\" d=\"M565.755 696.27h-360l-180-311.77 180-311.77h360l180 311.77z\"><\/path><\/svg><span class=\"vce-icon-container fas fa-phone-alt\"><\/span><\/div><\/div><\/div><div class=\"vce-text-block\"><div class=\"vce-text-block-wrapper vce\" id=\"el-aca4f896\" data-vce-do-apply=\"all el-aca4f896\"><p style=\"text-align: center;\">976 37 81 03<\/p><\/div><\/div><\/div><\/div><\/div><div class=\"vce-col vce-col--md-auto vce-col--xs-1 vce-col--xs-last vce-col--xs-first vce-col--sm-last vce-col--sm-first\" id=\"el-3c5b9fa8\"><div class=\"vce-col-inner\" data-vce-do-apply=\"border margin background  el-3c5b9fa8\"><div class=\"vce-col-content\" data-vce-element-content=\"true\" data-vce-do-apply=\"padding el-3c5b9fa8\"><div class=\"vce-features vce-var-icon vce-features--style-filled-circle vce-features--size-small\" style=\"--iconAlignment: center; --iconColor: rgb(53, 36, 18); --iconColorHover: rgb(53, 36, 18); --shapeColor: rgba(193, 173, 149, 0.37); --shapeColorHover: rgba(193, 173, 149, 0.37); --linkColorHover: rgba(173,155,133,0.37);\"><div id=\"el-a4b19758\" class=\"vce vce-features-icon-wrapper\" data-vce-do-apply=\"all el-a4b19758\"><div class=\"vce-features--icon vce-icon\"><svg xmlns=\"https:\/\/www.w3.org\/2000\/svg\" viewBox=\"0 0 769 769\"><path stroke-width=\"25\" d=\"M565.755 696.27h-360l-180-311.77 180-311.77h360l180 311.77z\"><\/path><\/svg><span class=\"vce-icon-container fas fa-home\"><\/span><\/div><\/div><\/div><div class=\"vce-text-block\"><div class=\"vce-text-block-wrapper vce\" id=\"el-3965ff1c\" data-vce-do-apply=\"all el-3965ff1c\"><p style=\"text-align: center;\">Glorieta Diego Vel\u00e1zquez, 2<\/p><\/div><\/div><\/div><\/div><\/div><div class=\"vce-col vce-col--md-auto vce-col--xs-1 vce-col--xs-last vce-col--xs-first vce-col--sm-last vce-col--sm-first vce-col--md-last vce-col--lg-last vce-col--xl-last\" id=\"el-1f6561eb\"><div class=\"vce-col-inner\" data-vce-do-apply=\"border margin background  el-1f6561eb\"><div class=\"vce-col-content\" data-vce-element-content=\"true\" data-vce-do-apply=\"padding el-1f6561eb\"><div class=\"vce-features vce-var-icon vce-features--style-filled-circle vce-features--size-small\" style=\"--iconAlignment: center; --iconColor: rgb(53, 36, 18); --iconColorHover: rgb(53, 36, 18); --shapeColor: rgba(193, 173, 149, 0.37); --shapeColorHover: rgba(193, 173, 149, 0.37); --linkColorHover: rgba(173,155,133,0.37);\"><div id=\"el-be34adcd\" class=\"vce vce-features-icon-wrapper\" data-vce-do-apply=\"all el-be34adcd\"><div class=\"vce-features--icon vce-icon\"><svg xmlns=\"https:\/\/www.w3.org\/2000\/svg\" viewBox=\"0 0 769 769\"><path stroke-width=\"25\" d=\"M565.755 696.27h-360l-180-311.77 180-311.77h360l180 311.77z\"><\/path><\/svg><span class=\"vce-icon-container fas fa-envelope\"><\/span><\/div><\/div><\/div><div class=\"vce-text-block\"><div class=\"vce-text-block-wrapper vce\" id=\"el-9713a8dc\" data-vce-do-apply=\"all el-9713a8dc\"><p style=\"text-align: center;\">estetica@centromedicoruisenores.com<\/p><\/div><\/div><\/div><\/div><\/div><\/div><\/div><\/div><div class=\"vce-row-container\" data-vce-boxed-width=\"true\"><div class=\"vce-row vce-row--col-gap-30 vce-row-equal-height vce-row-content--top\" id=\"el-d517d04b\" data-vce-do-apply=\"all el-d517d04b\"><div class=\"vce-content-background-container\"><\/div><div class=\"vce-row-content\" data-vce-element-content=\"true\"><div class=\"vce-col vce-col--md-auto vce-col--xs-1 vce-col--xs-last vce-col--xs-first vce-col--sm-last vce-col--sm-first vce-col--md-first vce-col--lg-first vce-col--xl-first\" id=\"el-5ab1d9df\"><div class=\"vce-col-inner\" data-vce-do-apply=\"border margin background  el-5ab1d9df\"><div class=\"vce-col-content\" data-vce-element-content=\"true\" data-vce-do-apply=\"padding el-5ab1d9df\"><div class=\"vce-features vce-var-icon vce-features--style-filled-circle vce-features--size-small\" style=\"--iconAlignment: center; --iconColor: rgb(53, 36, 18); --iconColorHover: rgb(53, 36, 18); --shapeColor: rgba(193, 173, 149, 0.37); --shapeColorHover: rgba(193, 173, 149, 0.37); --linkColorHover: rgba(173,155,133,0.37);\"><div id=\"el-5d57cdc0\" class=\"vce vce-features-icon-wrapper\" data-vce-do-apply=\"all el-5d57cdc0\"><div class=\"vce-features--icon vce-icon\"><svg xmlns=\"https:\/\/www.w3.org\/2000\/svg\" viewBox=\"0 0 769 769\"><path stroke-width=\"25\" d=\"M565.755 696.27h-360l-180-311.77 180-311.77h360l180 311.77z\"><\/path><\/svg><span class=\"vce-icon-container far fa-clock\"><\/span><\/div><\/div><\/div><div class=\"vce-text-block\"><div class=\"vce-text-block-wrapper vce\" id=\"el-592bf911\" data-vce-do-apply=\"all el-592bf911\"><p style=\"text-align: center;\">Lunes, Martes y Jueves: de 9 a 13 horas \/ de 16 a 20 horas<br>Mi\u00e9rcoles: de 10 a 18 horas<br>Viernes: de 9 a 17 horas<\/p><\/div><\/div><\/div><\/div><\/div><div class=\"vce-col vce-col--md-auto vce-col--xs-1 vce-col--xs-last vce-col--xs-first vce-col--sm-last vce-col--sm-first\" id=\"el-82163386\"><div class=\"vce-col-inner\" data-vce-do-apply=\"border margin background  el-82163386\"><div class=\"vce-col-content\" data-vce-element-content=\"true\" data-vce-do-apply=\"padding el-82163386\"><div class=\"vce-features vce-var-icon vce-features--style-filled-circle vce-features--size-small\" style=\"--iconAlignment: center; --iconColor: rgb(53, 36, 18); --iconColorHover: rgb(53, 36, 18); --shapeColor: rgba(193, 173, 149, 0.37); --shapeColorHover: rgba(193, 173, 149, 0.37); --linkColorHover: rgba(173,155,133,0.37);\"><div id=\"el-1da055a4\" class=\"vce vce-features-icon-wrapper\" data-vce-do-apply=\"all el-1da055a4\"><div class=\"vce-features--icon vce-icon\"><svg xmlns=\"https:\/\/www.w3.org\/2000\/svg\" viewBox=\"0 0 769 769\"><path stroke-width=\"25\" d=\"M565.755 696.27h-360l-180-311.77 180-311.77h360l180 311.77z\"><\/path><\/svg><span class=\"vce-icon-container fas fa-bus\"><\/span><\/div><\/div><\/div><div class=\"vce-text-block\"><div class=\"vce-text-block-wrapper vce\" id=\"el-6274d973\" data-vce-do-apply=\"all el-6274d973\"><p style=\"text-align: center;\">L\u00edneas de autobuses:<br>23, 24, 31, 33, 34, Ci1 y Ci2<\/p><\/div><\/div><\/div><\/div><\/div><div class=\"vce-col vce-col--md-auto vce-col--xs-1 vce-col--xs-last vce-col--xs-first vce-col--sm-last vce-col--sm-first vce-col--md-last vce-col--lg-last vce-col--xl-last\" id=\"el-003e3031\"><div class=\"vce-col-inner\" data-vce-do-apply=\"border margin background  el-003e3031\"><div class=\"vce-col-content\" data-vce-element-content=\"true\" data-vce-do-apply=\"padding el-003e3031\"><div class=\"vce-features vce-var-icon vce-features--style-filled-circle vce-features--size-small\" style=\"--iconAlignment: center; --iconColor: rgb(53, 36, 18); --iconColorHover: rgb(53, 36, 18); --shapeColor: rgba(193, 173, 149, 0.37); --shapeColorHover: rgba(193, 173, 149, 0.37); --linkColorHover: rgba(173,155,133,0.37);\"><div id=\"el-35b6244b\" class=\"vce vce-features-icon-wrapper\" data-vce-do-apply=\"all el-35b6244b\"><div class=\"vce-features--icon vce-icon\"><svg xmlns=\"https:\/\/www.w3.org\/2000\/svg\" viewBox=\"0 0 769 769\"><path stroke-width=\"25\" d=\"M565.755 696.27h-360l-180-311.77 180-311.77h360l180 311.77z\"><\/path><\/svg><span class=\"vce-icon-container fas fa-car\"><\/span><\/div><\/div><\/div><div class=\"vce-text-block\"><div class=\"vce-text-block-wrapper vce\" id=\"el-eda50de5\" data-vce-do-apply=\"all el-eda50de5\"><p style=\"text-align: center;\">Parkings cercanos:<br>Buena Vista (C\/ Arzobispo Morcillo), Para\u00edso (Paseo de las Damas), Corte Ingl\u00e9s (Paseo Sagasta)<\/p><\/div><\/div><\/div><\/div><\/div><\/div><\/div><\/div><div class=\"vce-row-container\"><div class=\"vce-row vce-row--has-col-background vce-row--col-gap-0 vce-row-no-paddings vce-row-equal-height vce-row-content--top\" data-vce-full-width=\"true\" data-vce-stretch-content=\"true\" id=\"el-b36ec03f\" data-vce-do-apply=\"all el-b36ec03f\"><div class=\"vce-content-background-container\"><\/div><div class=\"vce-row-content\" data-vce-element-content=\"true\"><div class=\"vce-col vce-element--has-background vce-col--md-auto vce-col--xs-1 vce-col--xs-last vce-col--xs-first vce-col--sm-last vce-col--sm-first vce-col--md-first vce-col--lg-first vce-col--xl-first\" id=\"el-8a1b76b9\"><div class=\"vce-col-inner\" data-vce-do-apply=\"border margin background  el-8a1b76b9\"><div class=\"vce-content-background-container\"><div class=\"vce-asset-background-simple-container vce-visible-all-only vce-asset-background-simple--style-cover vce-asset-background-simple--position-center-top\"><div class=\"vce-asset-background-simple\">\n              <div class=\"vce-asset-background-simple-item vcv-lozad\" data-background-image=\"https:\/\/centroesteticazaragoza.com\/tienda\/wp-content\/uploads\/2023\/01\/bg-contacto.jpg\"><\/div>\n              <noscript>\n                <div class=\"vce-asset-background-simple-item\" style=\"background-image: url(https:\/\/centroesteticazaragoza.com\/tienda\/wp-content\/uploads\/2023\/01\/bg-contacto.jpg)\"><\/div>\n              <\/noscript>\n            <\/div><\/div><div class=\"vce-asset-color-gradient-container vce-visible-all-only\" data-vce-do-apply=\"gradient el-8a1b76b9\"><\/div><\/div><div class=\"vce-col-content\" data-vce-element-content=\"true\" data-vce-do-apply=\"padding el-8a1b76b9\"><div class=\"vce-text-block\"><div class=\"vce-text-block-wrapper vce\" id=\"el-e7802123\" data-vce-do-apply=\"all el-e7802123\"><h2>\u00a1Cons\u00faltanos tus dudas!<\/h2><\/div><\/div><div class=\"vce-shortcode\"><div class=\"vce-shortcode-wrapper vce\" id=\"el-9bd56329\" data-vce-do-apply=\"all el-9bd56329\">\n<div class=\"wpcf7 no-js\" id=\"wpcf7-f5-o1\" lang=\"es-ES\" dir=\"ltr\" data-wpcf7-id=\"5\">\n<div class=\"screen-reader-response\"><p role=\"status\" aria-live=\"polite\" aria-atomic=\"true\"><\/p> <ul><\/ul><\/div>\n<form action=\"\/tienda\/wp-json\/wp\/v2\/pages\/30#wpcf7-f5-o1\" method=\"post\" class=\"wpcf7-form init\" aria-label=\"Formulario de contacto\" novalidate=\"novalidate\" data-status=\"init\">\n<fieldset class=\"hidden-fields-container\"><input type=\"hidden\" name=\"_wpcf7\" value=\"5\" \/><input type=\"hidden\" name=\"_wpcf7_version\" value=\"6.1.4\" \/><input type=\"hidden\" name=\"_wpcf7_locale\" value=\"es_ES\" \/><input type=\"hidden\" name=\"_wpcf7_unit_tag\" value=\"wpcf7-f5-o1\" \/><input type=\"hidden\" name=\"_wpcf7_container_post\" value=\"0\" \/><input type=\"hidden\" name=\"_wpcf7_posted_data_hash\" value=\"\" \/>\n<\/fieldset>\n<div class=\"bloq-campos\">\n\t<p><label class=\"campo-contacto\"> Nombre (Requerido) <span class=\"wpcf7-form-control-wrap\" data-name=\"tu-nombre\"><input size=\"40\" maxlength=\"400\" class=\"wpcf7-form-control wpcf7-text wpcf7-validates-as-required\" autocomplete=\"name\" aria-required=\"true\" aria-invalid=\"false\" value=\"\" type=\"text\" name=\"tu-nombre\" \/><\/span> <\/label><label class=\"campo-contacto\"> Tu correo electr\u00f3nico (Requerido) <span class=\"wpcf7-form-control-wrap\" data-name=\"tu-email\"><input size=\"40\" maxlength=\"400\" class=\"wpcf7-form-control wpcf7-email wpcf7-validates-as-required wpcf7-text wpcf7-validates-as-email\" autocomplete=\"email\" aria-required=\"true\" aria-invalid=\"false\" value=\"\" type=\"email\" name=\"tu-email\" \/><\/span> <\/label><label class=\"campo-contacto-full\"> Asunto <span class=\"wpcf7-form-control-wrap\" data-name=\"tu-asunto\"><input size=\"40\" maxlength=\"400\" class=\"wpcf7-form-control wpcf7-text wpcf7-validates-as-required\" aria-required=\"true\" aria-invalid=\"false\" value=\"\" type=\"text\" name=\"tu-asunto\" \/><\/span> <\/label><label class=\"campo-contacto-full\"> Tu mensaje (opcional) <span class=\"wpcf7-form-control-wrap\" data-name=\"tu-msj\"><textarea cols=\"40\" rows=\"10\" maxlength=\"2000\" class=\"wpcf7-form-control wpcf7-textarea\" aria-invalid=\"false\" name=\"tu-msj\"><\/textarea><\/span> <\/label><br \/>\n<span class=\"wpcf7-form-control-wrap\" data-name=\"acceptance-694\"><span class=\"wpcf7-form-control wpcf7-acceptance\"><span class=\"wpcf7-list-item\"><input type=\"checkbox\" name=\"acceptance-694\" value=\"1\" aria-invalid=\"false\" \/><\/span><\/span><\/span> He le\u00eddo y acepto la <a href=\"https:\/\/centroesteticazaragoza.com\/aviso-legal\/#politica-privacidad\" target=\"_blank\">pol\u00edtica de privacidad<\/a>\n\t<\/p>\n\t<div class=\"campo-contacto-full\">\n\t<div class=\"wpcf7-turnstile cf-turnstile\" data-sitekey=\"0x4AAAAAACJt1A9zOripXqVh\" data-response-field-name=\"_wpcf7_turnstile_response\" data-theme=\"light\"><\/div>\n\t<\/div>\n\t<div class=\"campo-contacto-boton-enviar\">\n\t\t<p><input class=\"wpcf7-form-control wpcf7-submit has-spinner\" type=\"submit\" value=\"Enviar\" \/>\n\t\t<\/p>\n\t<\/div>\n<\/div>\n<p class=\"let-peq\">Responsable: Loscos y Esta\u00fan, S. L.<br \/>\nFinalidad: Responder a su consulta.<br \/>\nLegitimaci\u00f3n: Consentimiento del interesado.<br \/>\nDestinatarios: Los datos quedar\u00e1n almacenados en nuestro servidor, alojado en 1&1 Internet Espa\u00f1a S.L.U. No se comunicar\u00e1 a terceros.<br \/>\nDerechos: Acceso, rectificaci\u00f3n, supresi\u00f3n, limitaci\u00f3n, portabilidad y olvido de los datos.<br \/>\nM\u00e1s informaci\u00f3n: <a href=\"https:\/\/centroesteticazaragoza.com\/aviso-legal\/#politica-privacidad\" target=\"_blank\">Pol\u00edtica de privacidad<\/a>\n<\/p><p style=\"display: none !important;\" class=\"akismet-fields-container\" data-prefix=\"_wpcf7_ak_\"><label>&#916;<textarea name=\"_wpcf7_ak_hp_textarea\" cols=\"45\" rows=\"8\" maxlength=\"100\"><\/textarea><\/label><input type=\"hidden\" id=\"ak_js_1\" name=\"_wpcf7_ak_js\" value=\"240\"\/><script>document.getElementById( \"ak_js_1\" ).setAttribute( \"value\", ( new Date() ).getTime() );<\/script><\/p><div class=\"wpcf7-response-output\" aria-hidden=\"true\"><\/div>\n<\/form>\n<\/div>\n<\/div><\/div><\/div><\/div><\/div><div class=\"vce-col vce-col--md-auto vce-col--xs-1 vce-col--xs-last vce-col--xs-first vce-col--sm-last vce-col--sm-first vce-col--md-last vce-col--lg-last vce-col--xl-last\" id=\"el-3bf3c85c\"><div class=\"vce-col-inner\" data-vce-do-apply=\"border margin background  el-3bf3c85c\"><div class=\"vce-content-background-container\"><\/div><div class=\"vce-col-content\" data-vce-element-content=\"true\" data-vce-do-apply=\"padding el-3bf3c85c\"><div class=\"vce-text-block\"><div class=\"vce-text-block-wrapper vce\" id=\"el-a67d1d18\" data-vce-do-apply=\"all el-a67d1d18\"><h2>Ven a nuestro centro<\/h2><\/div><\/div><div class=\"vce-raw-html\"><div class=\"vce-raw-html-wrapper\" id=\"el-cb0c1556\" data-vce-do-apply=\"all el-cb0c1556\"><iframe loading=\"lazy\" src=\"https:\/\/www.google.com\/maps\/embed?pb=!1m18!1m12!1m3!1d2981.786864660097!2d-0.8890381840464182!3d41.63873817924182!2m3!1f0!2f0!3f0!3m2!1i1024!2i768!4f13.1!3m3!1m2!1s0xd5914dfe10dc5c9%3A0x66edf2f1b224c5eb!2sGlorieta+Diego+Vel%C3%A1zquez%2C+2%2C+50006+Zaragoza!5e0!3m2!1ses!2ses!4v1526393456635\" width=\"100%\" height=\"600\" frameborder=\"0\" style=\"border:0\" allowfullscreen=\"\"><\/iframe><\/div><\/div><\/div><\/div><\/div><\/div><\/div><\/div>\n","protected":false},"excerpt":{"rendered":"<p>Contacta con nosotros976 37 81 03Glorieta Diego Vel\u00e1zquez, 2estetica@centromedicoruisenores.comLunes, Martes y Jueves: de 9 a 13 horas \/ de 16 a 20 horasMi\u00e9rcoles: de 10 a 18 horasViernes: de 9 a 17 horasL\u00edneas de autobuses:23, 24, 31, 33, 34, Ci1 y Ci2Parkings cercanos:Buena Vista (C\/ Arzobispo Morcillo), Para\u00edso (Paseo de las Damas), Corte Ingl\u00e9s (Paseo [&hellip;]<\/p>\n","protected":false},"author":1,"featured_media":0,"parent":0,"menu_order":0,"comment_status":"closed","ping_status":"closed","template":"template-fullwidth.php","meta":{"footnotes":""},"class_list":["post-30","page","type-page","status-publish","hentry"],"yoast_head":"<!-- This site is optimized with the Yoast SEO plugin v26.8 - https:\/\/yoast.com\/product\/yoast-seo-wordpress\/ -->\n<title>Contacto - Tienda Ruise\u00f1ores<\/title>\n<meta name=\"robots\" content=\"index, follow, max-snippet:-1, max-image-preview:large, max-video-preview:-1\" \/>\n<link rel=\"canonical\" href=\"https:\/\/centroesteticazaragoza.com\/tienda\/contacto\/\" \/>\n<meta property=\"og:locale\" content=\"es_ES\" \/>\n<meta property=\"og:type\" content=\"article\" \/>\n<meta property=\"og:title\" content=\"Contacto - Tienda Ruise\u00f1ores\" \/>\n<meta property=\"og:description\" content=\"Contacta con nosotros976 37 81 03Glorieta Diego Vel\u00e1zquez, 2estetica@centromedicoruisenores.comLunes, Martes y Jueves: de 9 a 13 horas \/ de 16 a 20 horasMi\u00e9rcoles: de 10 a 18 horasViernes: de 9 a 17 horasL\u00edneas de autobuses:23, 24, 31, 33, 34, Ci1 y Ci2Parkings cercanos:Buena Vista (C\/ Arzobispo Morcillo), Para\u00edso (Paseo de las Damas), Corte Ingl\u00e9s (Paseo [&hellip;]\" \/>\n<meta property=\"og:url\" content=\"https:\/\/centroesteticazaragoza.com\/tienda\/contacto\/\" \/>\n<meta property=\"og:site_name\" content=\"Tienda Ruise\u00f1ores\" \/>\n<meta property=\"article:modified_time\" content=\"2023-10-18T15:36:03+00:00\" \/>\n<meta name=\"twitter:card\" content=\"summary_large_image\" \/>\n<script type=\"application\/ld+json\" class=\"yoast-schema-graph\">{\"@context\":\"https:\/\/schema.org\",\"@graph\":[{\"@type\":\"WebPage\",\"@id\":\"https:\/\/centroesteticazaragoza.com\/tienda\/contacto\/\",\"url\":\"https:\/\/centroesteticazaragoza.com\/tienda\/contacto\/\",\"name\":\"Contacto - Tienda Ruise\u00f1ores\",\"isPartOf\":{\"@id\":\"https:\/\/centroesteticazaragoza.com\/tienda\/#website\"},\"datePublished\":\"2023-01-18T14:31:50+00:00\",\"dateModified\":\"2023-10-18T15:36:03+00:00\",\"breadcrumb\":{\"@id\":\"https:\/\/centroesteticazaragoza.com\/tienda\/contacto\/#breadcrumb\"},\"inLanguage\":\"es\",\"potentialAction\":[{\"@type\":\"ReadAction\",\"target\":[\"https:\/\/centroesteticazaragoza.com\/tienda\/contacto\/\"]}]},{\"@type\":\"BreadcrumbList\",\"@id\":\"https:\/\/centroesteticazaragoza.com\/tienda\/contacto\/#breadcrumb\",\"itemListElement\":[{\"@type\":\"ListItem\",\"position\":1,\"name\":\"Portada\",\"item\":\"https:\/\/centroesteticazaragoza.com\/tienda\/\"},{\"@type\":\"ListItem\",\"position\":2,\"name\":\"Contacto\"}]},{\"@type\":\"WebSite\",\"@id\":\"https:\/\/centroesteticazaragoza.com\/tienda\/#website\",\"url\":\"https:\/\/centroesteticazaragoza.com\/tienda\/\",\"name\":\"Tienda Ruise\u00f1ores\",\"description\":\"Tratamientos para tu cuerpo, tu piel y tu rostro.\",\"publisher\":{\"@id\":\"https:\/\/centroesteticazaragoza.com\/tienda\/#organization\"},\"potentialAction\":[{\"@type\":\"SearchAction\",\"target\":{\"@type\":\"EntryPoint\",\"urlTemplate\":\"https:\/\/centroesteticazaragoza.com\/tienda\/?s={search_term_string}\"},\"query-input\":{\"@type\":\"PropertyValueSpecification\",\"valueRequired\":true,\"valueName\":\"search_term_string\"}}],\"inLanguage\":\"es\"},{\"@type\":\"Organization\",\"@id\":\"https:\/\/centroesteticazaragoza.com\/tienda\/#organization\",\"name\":\"Tienda Ruise\u00f1ores\",\"url\":\"https:\/\/centroesteticazaragoza.com\/tienda\/\",\"logo\":{\"@type\":\"ImageObject\",\"inLanguage\":\"es\",\"@id\":\"https:\/\/centroesteticazaragoza.com\/tienda\/#\/schema\/logo\/image\/\",\"url\":\"https:\/\/centroesteticazaragoza.com\/tienda\/wp-content\/uploads\/2023\/01\/logotipo-tienda-centro-medico-estetico-ruisenores-gris.png\",\"contentUrl\":\"https:\/\/centroesteticazaragoza.com\/tienda\/wp-content\/uploads\/2023\/01\/logotipo-tienda-centro-medico-estetico-ruisenores-gris.png\",\"width\":528,\"height\":166,\"caption\":\"Tienda Ruise\u00f1ores\"},\"image\":{\"@id\":\"https:\/\/centroesteticazaragoza.com\/tienda\/#\/schema\/logo\/image\/\"}}]}<\/script>\n<!-- \/ Yoast SEO plugin. -->","yoast_head_json":{"title":"Contacto - Tienda Ruise\u00f1ores","robots":{"index":"index","follow":"follow","max-snippet":"max-snippet:-1","max-image-preview":"max-image-preview:large","max-video-preview":"max-video-preview:-1"},"canonical":"https:\/\/centroesteticazaragoza.com\/tienda\/contacto\/","og_locale":"es_ES","og_type":"article","og_title":"Contacto - Tienda Ruise\u00f1ores","og_description":"Contacta con nosotros976 37 81 03Glorieta Diego Vel\u00e1zquez, 2estetica@centromedicoruisenores.comLunes, Martes y Jueves: de 9 a 13 horas \/ de 16 a 20 horasMi\u00e9rcoles: de 10 a 18 horasViernes: de 9 a 17 horasL\u00edneas de autobuses:23, 24, 31, 33, 34, Ci1 y Ci2Parkings cercanos:Buena Vista (C\/ Arzobispo Morcillo), Para\u00edso (Paseo de las Damas), Corte Ingl\u00e9s (Paseo [&hellip;]","og_url":"https:\/\/centroesteticazaragoza.com\/tienda\/contacto\/","og_site_name":"Tienda Ruise\u00f1ores","article_modified_time":"2023-10-18T15:36:03+00:00","twitter_card":"summary_large_image","schema":{"@context":"https:\/\/schema.org","@graph":[{"@type":"WebPage","@id":"https:\/\/centroesteticazaragoza.com\/tienda\/contacto\/","url":"https:\/\/centroesteticazaragoza.com\/tienda\/contacto\/","name":"Contacto - Tienda Ruise\u00f1ores","isPartOf":{"@id":"https:\/\/centroesteticazaragoza.com\/tienda\/#website"},"datePublished":"2023-01-18T14:31:50+00:00","dateModified":"2023-10-18T15:36:03+00:00","breadcrumb":{"@id":"https:\/\/centroesteticazaragoza.com\/tienda\/contacto\/#breadcrumb"},"inLanguage":"es","potentialAction":[{"@type":"ReadAction","target":["https:\/\/centroesteticazaragoza.com\/tienda\/contacto\/"]}]},{"@type":"BreadcrumbList","@id":"https:\/\/centroesteticazaragoza.com\/tienda\/contacto\/#breadcrumb","itemListElement":[{"@type":"ListItem","position":1,"name":"Portada","item":"https:\/\/centroesteticazaragoza.com\/tienda\/"},{"@type":"ListItem","position":2,"name":"Contacto"}]},{"@type":"WebSite","@id":"https:\/\/centroesteticazaragoza.com\/tienda\/#website","url":"https:\/\/centroesteticazaragoza.com\/tienda\/","name":"Tienda Ruise\u00f1ores","description":"Tratamientos para tu cuerpo, tu piel y tu rostro.","publisher":{"@id":"https:\/\/centroesteticazaragoza.com\/tienda\/#organization"},"potentialAction":[{"@type":"SearchAction","target":{"@type":"EntryPoint","urlTemplate":"https:\/\/centroesteticazaragoza.com\/tienda\/?s={search_term_string}"},"query-input":{"@type":"PropertyValueSpecification","valueRequired":true,"valueName":"search_term_string"}}],"inLanguage":"es"},{"@type":"Organization","@id":"https:\/\/centroesteticazaragoza.com\/tienda\/#organization","name":"Tienda Ruise\u00f1ores","url":"https:\/\/centroesteticazaragoza.com\/tienda\/","logo":{"@type":"ImageObject","inLanguage":"es","@id":"https:\/\/centroesteticazaragoza.com\/tienda\/#\/schema\/logo\/image\/","url":"https:\/\/centroesteticazaragoza.com\/tienda\/wp-content\/uploads\/2023\/01\/logotipo-tienda-centro-medico-estetico-ruisenores-gris.png","contentUrl":"https:\/\/centroesteticazaragoza.com\/tienda\/wp-content\/uploads\/2023\/01\/logotipo-tienda-centro-medico-estetico-ruisenores-gris.png","width":528,"height":166,"caption":"Tienda Ruise\u00f1ores"},"image":{"@id":"https:\/\/centroesteticazaragoza.com\/tienda\/#\/schema\/logo\/image\/"}}]}},"_links":{"self":[{"href":"https:\/\/centroesteticazaragoza.com\/tienda\/wp-json\/wp\/v2\/pages\/30","targetHints":{"allow":["GET"]}}],"collection":[{"href":"https:\/\/centroesteticazaragoza.com\/tienda\/wp-json\/wp\/v2\/pages"}],"about":[{"href":"https:\/\/centroesteticazaragoza.com\/tienda\/wp-json\/wp\/v2\/types\/page"}],"author":[{"embeddable":true,"href":"https:\/\/centroesteticazaragoza.com\/tienda\/wp-json\/wp\/v2\/users\/1"}],"replies":[{"embeddable":true,"href":"https:\/\/centroesteticazaragoza.com\/tienda\/wp-json\/wp\/v2\/comments?post=30"}],"version-history":[{"count":37,"href":"https:\/\/centroesteticazaragoza.com\/tienda\/wp-json\/wp\/v2\/pages\/30\/revisions"}],"predecessor-version":[{"id":695,"href":"https:\/\/centroesteticazaragoza.com\/tienda\/wp-json\/wp\/v2\/pages\/30\/revisions\/695"}],"wp:attachment":[{"href":"https:\/\/centroesteticazaragoza.com\/tienda\/wp-json\/wp\/v2\/media?parent=30"}],"curies":[{"name":"wp","href":"https:\/\/api.w.org\/{rel}","templated":true}]}}